{"id":3742,"date":"2024-07-16T16:01:57","date_gmt":"2024-07-16T13:01:57","guid":{"rendered":"https:\/\/cocpack.ro\/?post_type=product&#038;p=3742"},"modified":"2025-01-04T12:43:40","modified_gmt":"2025-01-04T09:43:40","slug":"pungi-nunta-thank-you","status":"publish","type":"product","link":"https:\/\/cocpack.ro\/index.php\/produs\/pungi-nunta-thank-you\/","title":{"rendered":"Pungi nunta \u201ethank you\u201e"},"content":{"rendered":"","protected":false},"excerpt":{"rendered":"<p>Cu pl\u0103cere \u0219i aten\u021bie deosebit\u0103, v\u0103 oferim pungile noastre speciale pentru m\u0103rturii, decorate cu un design delicat \u0219i rafinat de chenar floral. Aceste pungi, cu dimensiunile baza: 25 cm x \u00een\u0103l\u021bime: 28 cm x burduf: 11 cm, adaug\u0103 o not\u0103 de elegan\u021b\u0103 \u0219i farmec ambalajului ales cu grij\u0103 pentru m\u0103rturiile dumneavoastr\u0103.<\/p>\n","protected":false},"featured_media":3743,"comment_status":"open","ping_status":"closed","template":"","meta":[],"product_brand":[],"product_cat":[21],"product_tag":[],"class_list":{"0":"post-3742","1":"product","2":"type-product","3":"status-publish","4":"has-post-thumbnail","6":"product_cat-pungi-de-nunta","8":"first","9":"instock","10":"shipping-taxable","11":"purchasable","12":"product-type-variable"},"_links":{"self":[{"href":"https:\/\/cocpack.ro\/index.php\/wp-json\/wp\/v2\/product\/3742","targetHints":{"allow":["GET"]}}],"collection":[{"href":"https:\/\/cocpack.ro\/index.php\/wp-json\/wp\/v2\/product"}],"about":[{"href":"https:\/\/cocpack.ro\/index.php\/wp-json\/wp\/v2\/types\/product"}],"replies":[{"embeddable":true,"href":"https:\/\/cocpack.ro\/index.php\/wp-json\/wp\/v2\/comments?post=3742"}],"wp:featuredmedia":[{"embeddable":true,"href":"https:\/\/cocpack.ro\/index.php\/wp-json\/wp\/v2\/media\/3743"}],"wp:attachment":[{"href":"https:\/\/cocpack.ro\/index.php\/wp-json\/wp\/v2\/media?parent=3742"}],"wp:term":[{"taxonomy":"product_brand","embeddable":true,"href":"https:\/\/cocpack.ro\/index.php\/wp-json\/wp\/v2\/product_brand?post=3742"},{"taxonomy":"product_cat","embeddable":true,"href":"https:\/\/cocpack.ro\/index.php\/wp-json\/wp\/v2\/product_cat?post=3742"},{"taxonomy":"product_tag","embeddable":true,"href":"https:\/\/cocpack.ro\/index.php\/wp-json\/wp\/v2\/product_tag?post=3742"}],"curies":[{"name":"wp","href":"https:\/\/api.w.org\/{rel}","templated":true}]}}