{"id":3760,"date":"2024-07-17T10:15:56","date_gmt":"2024-07-17T07:15:56","guid":{"rendered":"https:\/\/cocpack.ro\/?post_type=product&#038;p=3760"},"modified":"2026-01-05T21:23:14","modified_gmt":"2026-01-05T18:23:14","slug":"punga-nunta-cu-mesaj-si-imagine","status":"publish","type":"product","link":"https:\/\/cocpack.ro\/index.php\/produs\/punga-nunta-cu-mesaj-si-imagine\/","title":{"rendered":"Punga Nunta cu mesaj si imagine"},"content":{"rendered":"","protected":false},"excerpt":{"rendered":"<p>Coc Pack v\u0103 ofer\u0103 pungi pentru m\u0103rturii de miri, ideale pentru evenimentul dvs. Confec\u021bionate din h\u00e2rtie kraft alb\u0103 \u0219i cu m\u00e2ner r\u0103sucit, aceste pungi sunt rezistente \u0219i esen\u021biale pentru a facilita \u00eenm\u00e2narea m\u0103rturiilor la finalul evenimentului. V\u0103 oferim cu drag tot ce ave\u021bi nevoie pentru un eveniment reu\u0219it!<\/p>\n","protected":false},"featured_media":3761,"comment_status":"open","ping_status":"closed","template":"","meta":[],"product_brand":[],"product_cat":[83],"product_tag":[],"class_list":{"0":"post-3760","1":"product","2":"type-product","3":"status-publish","4":"has-post-thumbnail","6":"product_cat-pungi-marturii","8":"first","9":"instock","10":"shipping-taxable","11":"purchasable","12":"product-type-simple"},"_links":{"self":[{"href":"https:\/\/cocpack.ro\/index.php\/wp-json\/wp\/v2\/product\/3760","targetHints":{"allow":["GET"]}}],"collection":[{"href":"https:\/\/cocpack.ro\/index.php\/wp-json\/wp\/v2\/product"}],"about":[{"href":"https:\/\/cocpack.ro\/index.php\/wp-json\/wp\/v2\/types\/product"}],"replies":[{"embeddable":true,"href":"https:\/\/cocpack.ro\/index.php\/wp-json\/wp\/v2\/comments?post=3760"}],"wp:featuredmedia":[{"embeddable":true,"href":"https:\/\/cocpack.ro\/index.php\/wp-json\/wp\/v2\/media\/3761"}],"wp:attachment":[{"href":"https:\/\/cocpack.ro\/index.php\/wp-json\/wp\/v2\/media?parent=3760"}],"wp:term":[{"taxonomy":"product_brand","embeddable":true,"href":"https:\/\/cocpack.ro\/index.php\/wp-json\/wp\/v2\/product_brand?post=3760"},{"taxonomy":"product_cat","embeddable":true,"href":"https:\/\/cocpack.ro\/index.php\/wp-json\/wp\/v2\/product_cat?post=3760"},{"taxonomy":"product_tag","embeddable":true,"href":"https:\/\/cocpack.ro\/index.php\/wp-json\/wp\/v2\/product_tag?post=3760"}],"curies":[{"name":"wp","href":"https:\/\/api.w.org\/{rel}","templated":true}]}}