{"id":3771,"date":"2024-07-17T11:12:35","date_gmt":"2024-07-17T08:12:35","guid":{"rendered":"https:\/\/cocpack.ro\/?post_type=product&#038;p=3771"},"modified":"2025-08-31T22:32:50","modified_gmt":"2025-08-31T19:32:50","slug":"punga-marturii-nunta-si-botez","status":"publish","type":"product","link":"https:\/\/cocpack.ro\/index.php\/produs\/punga-marturii-nunta-si-botez\/","title":{"rendered":"Punga Marturii nunta si botez"},"content":{"rendered":"","protected":false},"excerpt":{"rendered":"<p>Vine \u00een \u00eent\u00e2mpinarea clien\u021bilor s\u0103i cu aceste pungi pentru m\u0103rturii, imprimate cu un buchet de flori viu colorate \u0219i mesajul standard \u201cV\u0103 mul\u021bumim\u201d! Potrivite at\u00e2t pentru nun\u021bi, c\u00e2t \u0219i pentru botezuri, aceste pungi sunt confec\u021bionate din h\u00e2rtie de 90gr\/mp \u0219i au \u00eent\u0103rituri la m\u00e2nere \u0219i la baz\u0103 pentru durabilitate. Colorate \u0219i elegante, pungile pentru m\u0103rturii pot con\u021bine cutii de pr\u0103jituri de diverse dimensiuni, precum \u0219i sticla de nunt\u0103 aleas\u0103 de dumneavoastr\u0103.<\/p>\n","protected":false},"featured_media":3772,"comment_status":"open","ping_status":"closed","template":"","meta":[],"product_brand":[],"product_cat":[21],"product_tag":[],"class_list":{"0":"post-3771","1":"product","2":"type-product","3":"status-publish","4":"has-post-thumbnail","6":"product_cat-pungi-de-nunta","8":"first","9":"instock","10":"shipping-taxable","11":"purchasable","12":"product-type-variable"},"_links":{"self":[{"href":"https:\/\/cocpack.ro\/index.php\/wp-json\/wp\/v2\/product\/3771","targetHints":{"allow":["GET"]}}],"collection":[{"href":"https:\/\/cocpack.ro\/index.php\/wp-json\/wp\/v2\/product"}],"about":[{"href":"https:\/\/cocpack.ro\/index.php\/wp-json\/wp\/v2\/types\/product"}],"replies":[{"embeddable":true,"href":"https:\/\/cocpack.ro\/index.php\/wp-json\/wp\/v2\/comments?post=3771"}],"wp:featuredmedia":[{"embeddable":true,"href":"https:\/\/cocpack.ro\/index.php\/wp-json\/wp\/v2\/media\/3772"}],"wp:attachment":[{"href":"https:\/\/cocpack.ro\/index.php\/wp-json\/wp\/v2\/media?parent=3771"}],"wp:term":[{"taxonomy":"product_brand","embeddable":true,"href":"https:\/\/cocpack.ro\/index.php\/wp-json\/wp\/v2\/product_brand?post=3771"},{"taxonomy":"product_cat","embeddable":true,"href":"https:\/\/cocpack.ro\/index.php\/wp-json\/wp\/v2\/product_cat?post=3771"},{"taxonomy":"product_tag","embeddable":true,"href":"https:\/\/cocpack.ro\/index.php\/wp-json\/wp\/v2\/product_tag?post=3771"}],"curies":[{"name":"wp","href":"https:\/\/api.w.org\/{rel}","templated":true}]}}