{"id":3773,"date":"2024-07-17T11:17:42","date_gmt":"2024-07-17T08:17:42","guid":{"rendered":"https:\/\/cocpack.ro\/?post_type=product&#038;p=3773"},"modified":"2025-08-31T22:32:07","modified_gmt":"2025-08-31T19:32:07","slug":"punga-de-nunta-cu-diferite-mesaje-koszonom-thank-you-danke-merci","status":"publish","type":"product","link":"https:\/\/cocpack.ro\/index.php\/produs\/punga-de-nunta-cu-diferite-mesaje-koszonom-thank-you-danke-merci\/","title":{"rendered":"Punga de nunta cu diferite mesaje \u201eK\u00d6SZ\u00d6N\u00d6M\u201e \u201eThank you\u201e \u201eDanke\u201e \u201eMerci\u201e"},"content":{"rendered":"","protected":false},"excerpt":{"rendered":"<p>Coc Pack v\u0103 ofer\u0103 aceste deosebite pungi pentru m\u0103rturiile de nunt\u0103, imprimate cu textul \u201cV\u0103 mul\u021bumim\u201d \u00een mai multe limbi \u0219i o minunat\u0103 imagine cu bujori. Pungile sunt suficient de \u00eenc\u0103p\u0103toare pentru cutia de pr\u0103jituri \u0219i sticla pentru nunt\u0103. De asemenea, prezint\u0103 \u00eent\u0103rituri la baz\u0103 \u0219i la m\u00e2nere, fiind potrivite at\u00e2t pentru petreceri de botez, c\u00e2t \u0219i pentru nun\u021bi.<\/p>\n","protected":false},"featured_media":3774,"comment_status":"open","ping_status":"closed","template":"","meta":[],"product_brand":[],"product_cat":[21],"product_tag":[],"class_list":{"0":"post-3773","1":"product","2":"type-product","3":"status-publish","4":"has-post-thumbnail","6":"product_cat-pungi-de-nunta","8":"first","9":"instock","10":"shipping-taxable","11":"purchasable","12":"product-type-simple"},"_links":{"self":[{"href":"https:\/\/cocpack.ro\/index.php\/wp-json\/wp\/v2\/product\/3773","targetHints":{"allow":["GET"]}}],"collection":[{"href":"https:\/\/cocpack.ro\/index.php\/wp-json\/wp\/v2\/product"}],"about":[{"href":"https:\/\/cocpack.ro\/index.php\/wp-json\/wp\/v2\/types\/product"}],"replies":[{"embeddable":true,"href":"https:\/\/cocpack.ro\/index.php\/wp-json\/wp\/v2\/comments?post=3773"}],"wp:featuredmedia":[{"embeddable":true,"href":"https:\/\/cocpack.ro\/index.php\/wp-json\/wp\/v2\/media\/3774"}],"wp:attachment":[{"href":"https:\/\/cocpack.ro\/index.php\/wp-json\/wp\/v2\/media?parent=3773"}],"wp:term":[{"taxonomy":"product_brand","embeddable":true,"href":"https:\/\/cocpack.ro\/index.php\/wp-json\/wp\/v2\/product_brand?post=3773"},{"taxonomy":"product_cat","embeddable":true,"href":"https:\/\/cocpack.ro\/index.php\/wp-json\/wp\/v2\/product_cat?post=3773"},{"taxonomy":"product_tag","embeddable":true,"href":"https:\/\/cocpack.ro\/index.php\/wp-json\/wp\/v2\/product_tag?post=3773"}],"curies":[{"name":"wp","href":"https:\/\/api.w.org\/{rel}","templated":true}]}}