{"id":3775,"date":"2024-07-17T11:37:16","date_gmt":"2024-07-17T08:37:16","guid":{"rendered":"https:\/\/cocpack.ro\/?post_type=product&#038;p=3775"},"modified":"2026-01-04T22:37:25","modified_gmt":"2026-01-04T19:37:25","slug":"punga-nunta-mrs-mr","status":"publish","type":"product","link":"https:\/\/cocpack.ro\/index.php\/produs\/punga-nunta-mrs-mr\/","title":{"rendered":"Punga nunta Mrs. &#038; Mr."},"content":{"rendered":"","protected":false},"excerpt":{"rendered":"<div class=\"flex flex-grow flex-col max-w-full\">\n<div class=\"min-h-[20px] text-message flex flex-col items-start whitespace-pre-wrap break-words [.text-message+&amp;]:mt-5 juice:w-full juice:items-end overflow-x-auto gap-2\" dir=\"auto\" data-message-author-role=\"assistant\" data-message-id=\"eac5d613-b084-435c-bfda-0ebe578adb65\">\n<div class=\"flex w-full flex-col gap-1 juice:empty:hidden juice:first:pt-[3px]\">\n<div class=\"markdown prose w-full break-words dark:prose-invert dark\">\n<p>Imaginea cu miri \u0219i textul \u201cMr\u201d \u0219i \u201cMrs\u201d imprimat deasupra imaginii confer\u0103 acestor pungi pentru m\u0103rturii o apreciere deosebit\u0103 din partea mirilor no\u0219tri. Elegante \u0219i rafinate, aceste pungi sunt confec\u021bionate din h\u00e2rtie kraft alb\u0103 de 90 grame \u0219i au \u00eent\u0103rituri la m\u00e2nere \u0219i \u00een partea de jos pentru o mai mare durabilitate. Pentru transportul \u00een siguran\u021b\u0103 al produselor, v\u0103 suger\u0103m s\u0103 achizi\u021biona\u021bi \u0219i un fund din carton pentru pungi. Pungile pentru m\u0103rturii pot con\u021bine cutii de pr\u0103jituri, sticle de nunta cu diverse b\u0103uturi sau alte m\u0103rturii de nunt\u0103. Ave\u021bi op\u021biunea de a personaliza aceste pungi cu un card de mul\u021bumire pe care va fi imprimat textul ales de dumneavoastr\u0103.<\/p>\n<\/div>\n<\/div>\n<\/div>\n<\/div>\n","protected":false},"featured_media":3776,"comment_status":"open","ping_status":"closed","template":"","meta":[],"product_brand":[],"product_cat":[21,83],"product_tag":[],"class_list":{"0":"post-3775","1":"product","2":"type-product","3":"status-publish","4":"has-post-thumbnail","6":"product_cat-pungi-de-nunta","7":"product_cat-pungi-marturii","9":"first","10":"instock","11":"shipping-taxable","12":"purchasable","13":"product-type-variable"},"_links":{"self":[{"href":"https:\/\/cocpack.ro\/index.php\/wp-json\/wp\/v2\/product\/3775","targetHints":{"allow":["GET"]}}],"collection":[{"href":"https:\/\/cocpack.ro\/index.php\/wp-json\/wp\/v2\/product"}],"about":[{"href":"https:\/\/cocpack.ro\/index.php\/wp-json\/wp\/v2\/types\/product"}],"replies":[{"embeddable":true,"href":"https:\/\/cocpack.ro\/index.php\/wp-json\/wp\/v2\/comments?post=3775"}],"wp:featuredmedia":[{"embeddable":true,"href":"https:\/\/cocpack.ro\/index.php\/wp-json\/wp\/v2\/media\/3776"}],"wp:attachment":[{"href":"https:\/\/cocpack.ro\/index.php\/wp-json\/wp\/v2\/media?parent=3775"}],"wp:term":[{"taxonomy":"product_brand","embeddable":true,"href":"https:\/\/cocpack.ro\/index.php\/wp-json\/wp\/v2\/product_brand?post=3775"},{"taxonomy":"product_cat","embeddable":true,"href":"https:\/\/cocpack.ro\/index.php\/wp-json\/wp\/v2\/product_cat?post=3775"},{"taxonomy":"product_tag","embeddable":true,"href":"https:\/\/cocpack.ro\/index.php\/wp-json\/wp\/v2\/product_tag?post=3775"}],"curies":[{"name":"wp","href":"https:\/\/api.w.org\/{rel}","templated":true}]}}