{"id":3787,"date":"2024-07-17T12:04:05","date_gmt":"2024-07-17T09:04:05","guid":{"rendered":"https:\/\/cocpack.ro\/?post_type=product&#038;p=3787"},"modified":"2025-08-27T20:13:21","modified_gmt":"2025-08-27T17:13:21","slug":"pungi-pentru-marturii-nunta-gold","status":"publish","type":"product","link":"https:\/\/cocpack.ro\/index.php\/produs\/pungi-pentru-marturii-nunta-gold\/","title":{"rendered":"Pungi pentru marturii nunta, GOLD"},"content":{"rendered":"","protected":false},"excerpt":{"rendered":"<p>V\u0103 propunem pungi pentru m\u0103rturii de nunta sau botez confec\u021bionate din h\u00e2rtie kraft alb\u0103 de 90 grame \u0219i care prezint\u0103 imaginea a doi miri. Aceste pungi sunt folosite pentru a fi oferite invita\u021bilor la finalul evenimentului \u0219i pot con\u021bine cutii de pr\u0103jituri, m\u0103rturii de nunta sau sticla cu vin, \u021buic\u0103 sau diverse siropuri. Ele prezint\u0103 \u00eent\u0103rituri \u00een zona m\u00e2nere \u0219i \u00een partea de jos \u0219i pot fi personalizate cu ajutorul unei etichete.<\/p>\n","protected":false},"featured_media":3788,"comment_status":"open","ping_status":"closed","template":"","meta":[],"product_brand":[],"product_cat":[83],"product_tag":[],"class_list":{"0":"post-3787","1":"product","2":"type-product","3":"status-publish","4":"has-post-thumbnail","6":"product_cat-pungi-marturii","8":"first","9":"outofstock","10":"shipping-taxable","11":"purchasable","12":"product-type-simple"},"_links":{"self":[{"href":"https:\/\/cocpack.ro\/index.php\/wp-json\/wp\/v2\/product\/3787","targetHints":{"allow":["GET"]}}],"collection":[{"href":"https:\/\/cocpack.ro\/index.php\/wp-json\/wp\/v2\/product"}],"about":[{"href":"https:\/\/cocpack.ro\/index.php\/wp-json\/wp\/v2\/types\/product"}],"replies":[{"embeddable":true,"href":"https:\/\/cocpack.ro\/index.php\/wp-json\/wp\/v2\/comments?post=3787"}],"wp:featuredmedia":[{"embeddable":true,"href":"https:\/\/cocpack.ro\/index.php\/wp-json\/wp\/v2\/media\/3788"}],"wp:attachment":[{"href":"https:\/\/cocpack.ro\/index.php\/wp-json\/wp\/v2\/media?parent=3787"}],"wp:term":[{"taxonomy":"product_brand","embeddable":true,"href":"https:\/\/cocpack.ro\/index.php\/wp-json\/wp\/v2\/product_brand?post=3787"},{"taxonomy":"product_cat","embeddable":true,"href":"https:\/\/cocpack.ro\/index.php\/wp-json\/wp\/v2\/product_cat?post=3787"},{"taxonomy":"product_tag","embeddable":true,"href":"https:\/\/cocpack.ro\/index.php\/wp-json\/wp\/v2\/product_tag?post=3787"}],"curies":[{"name":"wp","href":"https:\/\/api.w.org\/{rel}","templated":true}]}}