{"id":3795,"date":"2024-07-17T12:19:50","date_gmt":"2024-07-17T09:19:50","guid":{"rendered":"https:\/\/cocpack.ro\/?post_type=product&#038;p=3795"},"modified":"2025-08-27T20:11:49","modified_gmt":"2025-08-27T17:11:49","slug":"pungi-nunta-model-kiss-miri","status":"publish","type":"product","link":"https:\/\/cocpack.ro\/index.php\/produs\/pungi-nunta-model-kiss-miri\/","title":{"rendered":"Pungi nunta, Model Kiss Miri"},"content":{"rendered":"","protected":false},"excerpt":{"rendered":"<p>Pungu\u021bele de nunt\u0103 sunt imprimate cu o figurin\u0103 decorativ\u0103 ce prezint\u0103 un cuplu de mire \u0219i mireas\u0103 s\u0103rut\u00e2ndu-se. Acest simbol al iubirii \u0219i al uniunii poate ad\u0103uga o not\u0103 romantic\u0103 \u0219i personal\u0103 la evenimentul de nunt\u0103. Pungile au dimensiunea de 25 x 11 x 28 cm \u0219i sunt suficient de spa\u021bioase pentru a \u00eenc\u0103pea o sticlu\u021b\u0103 de b\u0103utur\u0103 \u0219i o cutie de pr\u0103jituri de 200 g sau 500 g.<\/p>\n<p>Confectionate din h\u00e2rtie de 90g\/mp, pungile prezint\u0103 o \u00eent\u0103ritur\u0103 \u00een zona m\u00e2nerei pentru a asigura rezisten\u021ba necesar\u0103.<\/p>\n","protected":false},"featured_media":3796,"comment_status":"open","ping_status":"closed","template":"","meta":[],"product_brand":[],"product_cat":[83],"product_tag":[],"class_list":{"0":"post-3795","1":"product","2":"type-product","3":"status-publish","4":"has-post-thumbnail","6":"product_cat-pungi-marturii","8":"first","9":"outofstock","10":"shipping-taxable","11":"purchasable","12":"product-type-simple"},"_links":{"self":[{"href":"https:\/\/cocpack.ro\/index.php\/wp-json\/wp\/v2\/product\/3795","targetHints":{"allow":["GET"]}}],"collection":[{"href":"https:\/\/cocpack.ro\/index.php\/wp-json\/wp\/v2\/product"}],"about":[{"href":"https:\/\/cocpack.ro\/index.php\/wp-json\/wp\/v2\/types\/product"}],"replies":[{"embeddable":true,"href":"https:\/\/cocpack.ro\/index.php\/wp-json\/wp\/v2\/comments?post=3795"}],"wp:featuredmedia":[{"embeddable":true,"href":"https:\/\/cocpack.ro\/index.php\/wp-json\/wp\/v2\/media\/3796"}],"wp:attachment":[{"href":"https:\/\/cocpack.ro\/index.php\/wp-json\/wp\/v2\/media?parent=3795"}],"wp:term":[{"taxonomy":"product_brand","embeddable":true,"href":"https:\/\/cocpack.ro\/index.php\/wp-json\/wp\/v2\/product_brand?post=3795"},{"taxonomy":"product_cat","embeddable":true,"href":"https:\/\/cocpack.ro\/index.php\/wp-json\/wp\/v2\/product_cat?post=3795"},{"taxonomy":"product_tag","embeddable":true,"href":"https:\/\/cocpack.ro\/index.php\/wp-json\/wp\/v2\/product_tag?post=3795"}],"curies":[{"name":"wp","href":"https:\/\/api.w.org\/{rel}","templated":true}]}}