{"id":3803,"date":"2024-07-18T09:25:26","date_gmt":"2024-07-18T06:25:26","guid":{"rendered":"https:\/\/cocpack.ro\/?post_type=product&#038;p=3803"},"modified":"2026-01-04T22:59:22","modified_gmt":"2026-01-04T19:59:22","slug":"pungi-pentru-marturii-model-cu-puncte","status":"publish","type":"product","link":"https:\/\/cocpack.ro\/index.php\/produs\/pungi-pentru-marturii-model-cu-puncte\/","title":{"rendered":"Pungi pentru marturii model cu puncte"},"content":{"rendered":"","protected":false},"excerpt":{"rendered":"<p>V\u0103 oferim pungi pentru m\u0103rturiile de nunt\u0103 sau botez, confec\u021bionate din h\u00e2rtie kraft alb\u0103, cu \u00eent\u0103rituri \u00een partea de jos \u0219i \u00een zona m\u00e2nere lor. Acest model este apreciat de c\u0103tre clien\u021bii no\u0219tri \u0219i este potrivit at\u00e2t pentru petrecerile de nunt\u0103, c\u00e2t \u0219i pentru cele de botez. Culoarea albastr\u0103 a acestor pungi este pus\u0103 \u00een eviden\u021b\u0103 de bulinele albe, rezult\u00e2nd astfel o pung\u0103 elegant\u0103 \u0219i modern\u0103. Pute\u021bi alege s\u0103 personaliza\u021bi aceste pungi cu un card imprimat cu numele mirilor, numele copilului sau scurte texte de mul\u021bumire.<\/p>\n","protected":false},"featured_media":3804,"comment_status":"open","ping_status":"closed","template":"","meta":[],"product_brand":[],"product_cat":[112,83],"product_tag":[],"class_list":{"0":"post-3803","1":"product","2":"type-product","3":"status-publish","4":"has-post-thumbnail","6":"product_cat-pungi-botez","7":"product_cat-pungi-marturii","9":"first","10":"outofstock","11":"shipping-taxable","12":"purchasable","13":"product-type-simple"},"_links":{"self":[{"href":"https:\/\/cocpack.ro\/index.php\/wp-json\/wp\/v2\/product\/3803","targetHints":{"allow":["GET"]}}],"collection":[{"href":"https:\/\/cocpack.ro\/index.php\/wp-json\/wp\/v2\/product"}],"about":[{"href":"https:\/\/cocpack.ro\/index.php\/wp-json\/wp\/v2\/types\/product"}],"replies":[{"embeddable":true,"href":"https:\/\/cocpack.ro\/index.php\/wp-json\/wp\/v2\/comments?post=3803"}],"wp:featuredmedia":[{"embeddable":true,"href":"https:\/\/cocpack.ro\/index.php\/wp-json\/wp\/v2\/media\/3804"}],"wp:attachment":[{"href":"https:\/\/cocpack.ro\/index.php\/wp-json\/wp\/v2\/media?parent=3803"}],"wp:term":[{"taxonomy":"product_brand","embeddable":true,"href":"https:\/\/cocpack.ro\/index.php\/wp-json\/wp\/v2\/product_brand?post=3803"},{"taxonomy":"product_cat","embeddable":true,"href":"https:\/\/cocpack.ro\/index.php\/wp-json\/wp\/v2\/product_cat?post=3803"},{"taxonomy":"product_tag","embeddable":true,"href":"https:\/\/cocpack.ro\/index.php\/wp-json\/wp\/v2\/product_tag?post=3803"}],"curies":[{"name":"wp","href":"https:\/\/api.w.org\/{rel}","templated":true}]}}