{"id":3841,"date":"2024-07-18T11:25:58","date_gmt":"2024-07-18T08:25:58","guid":{"rendered":"https:\/\/cocpack.ro\/?post_type=product&#038;p=3841"},"modified":"2026-01-04T22:52:41","modified_gmt":"2026-01-04T19:52:41","slug":"pungi-pentru-marturii-cu-fereastra-alba-set-10-buc","status":"publish","type":"product","link":"https:\/\/cocpack.ro\/index.php\/produs\/pungi-pentru-marturii-cu-fereastra-alba-set-10-buc\/","title":{"rendered":"Pungi pentru marturii, cu fereastra albe!"},"content":{"rendered":"","protected":false},"excerpt":{"rendered":"<p>Preg\u0103te\u0219te-te s\u0103 aduci un strop de mister \u0219i elegan\u021b\u0103 evenimentelor tale cu pungile pentru m\u0103rturii cu fereastr\u0103, de culoare alb\u0103.<\/p>\n<p>Fie c\u0103 sunt utilizate pentru nun\u021bi, botezuri sau alte evenimente speciale, pungile pentru m\u0103rturii cu fereastr\u0103 alb\u0103 sunt garantul unei prezent\u0103ri impecabile \u0219i a unei experien\u021be de neuitat pentru fiecare invitat.<\/p>\n<p>Fereastra transparent\u0103 adaug\u0103 un element de surpriz\u0103, permi\u021b\u00e2ndu-le invita\u021bilor s\u0103 descopere cu \u00eenc\u00e2ntare micile comori din interiorul fiec\u0103rei pungi.<\/p>\n","protected":false},"featured_media":3842,"comment_status":"open","ping_status":"closed","template":"","meta":[],"product_brand":[],"product_cat":[83],"product_tag":[],"class_list":{"0":"post-3841","1":"product","2":"type-product","3":"status-publish","4":"has-post-thumbnail","6":"product_cat-pungi-marturii","8":"first","9":"instock","10":"shipping-taxable","11":"purchasable","12":"product-type-simple"},"_links":{"self":[{"href":"https:\/\/cocpack.ro\/index.php\/wp-json\/wp\/v2\/product\/3841","targetHints":{"allow":["GET"]}}],"collection":[{"href":"https:\/\/cocpack.ro\/index.php\/wp-json\/wp\/v2\/product"}],"about":[{"href":"https:\/\/cocpack.ro\/index.php\/wp-json\/wp\/v2\/types\/product"}],"replies":[{"embeddable":true,"href":"https:\/\/cocpack.ro\/index.php\/wp-json\/wp\/v2\/comments?post=3841"}],"wp:featuredmedia":[{"embeddable":true,"href":"https:\/\/cocpack.ro\/index.php\/wp-json\/wp\/v2\/media\/3842"}],"wp:attachment":[{"href":"https:\/\/cocpack.ro\/index.php\/wp-json\/wp\/v2\/media?parent=3841"}],"wp:term":[{"taxonomy":"product_brand","embeddable":true,"href":"https:\/\/cocpack.ro\/index.php\/wp-json\/wp\/v2\/product_brand?post=3841"},{"taxonomy":"product_cat","embeddable":true,"href":"https:\/\/cocpack.ro\/index.php\/wp-json\/wp\/v2\/product_cat?post=3841"},{"taxonomy":"product_tag","embeddable":true,"href":"https:\/\/cocpack.ro\/index.php\/wp-json\/wp\/v2\/product_tag?post=3841"}],"curies":[{"name":"wp","href":"https:\/\/api.w.org\/{rel}","templated":true}]}}