{"id":3906,"date":"2024-07-18T19:19:03","date_gmt":"2024-07-18T16:19:03","guid":{"rendered":"https:\/\/cocpack.ro\/?post_type=product&#038;p=3906"},"modified":"2026-01-04T22:34:48","modified_gmt":"2026-01-04T19:34:48","slug":"pungi-marturii-xl-natur","status":"publish","type":"product","link":"https:\/\/cocpack.ro\/index.php\/produs\/pungi-marturii-xl-natur\/","title":{"rendered":"Pungi marturii, L, Natur"},"content":{"rendered":"","protected":false},"excerpt":{"rendered":"<p>V\u0103 punem la dispozi\u021bie pungi de culoare maro, natur, care pot fi folosite pentru a \u00eenm\u00e2na cadouri la diverse evenimente. Aceste pungi, confec\u021bionate din h\u00e2rtie kraft \u0219i echipate cu m\u00e2nere din sfoar\u0103 r\u0103sucit\u0103, sunt versatile datorit\u0103 culorii neutre \u0219i se potrivesc perfect pentru orice ocazie.<\/p>\n<p>Pentru un impact vizual mai mare, pungile pentru m\u0103rturii pot fi personalizate cu o etichet\u0103. V\u0103 rug\u0103m s\u0103 re\u021bine\u021bi c\u0103 personalizarea nu este inclus\u0103 \u00een pre\u021bul ini\u021bial al pungii pentru m\u0103rturii. \u00cen plus, dac\u0103 ave\u021bi nevoie de saco\u0219e pentru a oferi pomana la finalul unei \u00eenmorm\u00e2nt\u0103ri, pute\u021bi alege fie aceste saco\u0219e, fie din oferta noastr\u0103 de pungi de culoare neagr\u0103.<\/p>\n","protected":false},"featured_media":3907,"comment_status":"open","ping_status":"closed","template":"","meta":[],"product_brand":[],"product_cat":[112,83],"product_tag":[],"class_list":{"0":"post-3906","1":"product","2":"type-product","3":"status-publish","4":"has-post-thumbnail","6":"product_cat-pungi-botez","7":"product_cat-pungi-marturii","9":"first","10":"instock","11":"shipping-taxable","12":"purchasable","13":"product-type-simple"},"_links":{"self":[{"href":"https:\/\/cocpack.ro\/index.php\/wp-json\/wp\/v2\/product\/3906","targetHints":{"allow":["GET"]}}],"collection":[{"href":"https:\/\/cocpack.ro\/index.php\/wp-json\/wp\/v2\/product"}],"about":[{"href":"https:\/\/cocpack.ro\/index.php\/wp-json\/wp\/v2\/types\/product"}],"replies":[{"embeddable":true,"href":"https:\/\/cocpack.ro\/index.php\/wp-json\/wp\/v2\/comments?post=3906"}],"wp:featuredmedia":[{"embeddable":true,"href":"https:\/\/cocpack.ro\/index.php\/wp-json\/wp\/v2\/media\/3907"}],"wp:attachment":[{"href":"https:\/\/cocpack.ro\/index.php\/wp-json\/wp\/v2\/media?parent=3906"}],"wp:term":[{"taxonomy":"product_brand","embeddable":true,"href":"https:\/\/cocpack.ro\/index.php\/wp-json\/wp\/v2\/product_brand?post=3906"},{"taxonomy":"product_cat","embeddable":true,"href":"https:\/\/cocpack.ro\/index.php\/wp-json\/wp\/v2\/product_cat?post=3906"},{"taxonomy":"product_tag","embeddable":true,"href":"https:\/\/cocpack.ro\/index.php\/wp-json\/wp\/v2\/product_tag?post=3906"}],"curies":[{"name":"wp","href":"https:\/\/api.w.org\/{rel}","templated":true}]}}