{"id":4087,"date":"2024-07-23T10:40:44","date_gmt":"2024-07-23T07:40:44","guid":{"rendered":"https:\/\/cocpack.ro\/?post_type=product&#038;p=4087"},"modified":"2026-03-05T19:52:21","modified_gmt":"2026-03-05T16:52:21","slug":"sticle-cu-filet-marturii-nunta-200ml-clasic","status":"publish","type":"product","link":"https:\/\/cocpack.ro\/index.php\/produs\/sticle-cu-filet-marturii-nunta-200ml-clasic\/","title":{"rendered":"Sticle cu filet, marturii nunta, 200ml, clasic"},"content":{"rendered":"<h3>ticl\u0103 Transparent\u0103 cu Filet &#8211; Elegant\u0103 \u0219i Accesibil\u0103<\/h3>\n<p><strong>Coc Pack v\u0103 ofer\u0103 o sticl\u0103 simpl\u0103, dar elegant\u0103, perfect\u0103 pentru diverse ocazii speciale. Cu un pre\u021b accesibil \u0219i o calitate superioar\u0103, ne dorim s\u0103 v\u0103 oferim cele mai bune servicii \u0219i produse.<\/strong><\/p>\n<h4>Detalii Produs:<\/h4>\n<ul>\n<li><strong>Material:<\/strong> Sticl\u0103 transparent\u0103<\/li>\n<li><strong>Design:<\/strong> Simplu \u0219i elegant<\/li>\n<li><strong>Caracteristic\u0103 Special\u0103:<\/strong> Filet pentru \u00eenchidere ermetic\u0103<\/li>\n<\/ul>\n<h4>Utilizare:<\/h4>\n<ul>\n<li><strong>Evenimente:<\/strong> Ideal\u0103 pentru nun\u021bi, botezuri, anivers\u0103ri \u0219i alte ocazii speciale<\/li>\n<li><strong>Func\u021bionalitate:<\/strong> Potrivit\u0103 pentru servirea b\u0103uturilor sau altor lichide. Dimensiunea sa mic\u0103 o face potrivit\u0103 pentru por\u021bii mai mici de b\u0103uturi, cum ar fi cocktail-uri sau shot-uri<\/li>\n<\/ul>\n<h4>Avantaje:<\/h4>\n<ul>\n<li><strong>Accesibilitate:<\/strong> Pre\u021b competitiv, oferind un raport excelent \u00eentre calitate \u0219i cost<\/li>\n<li><strong>Versatilitate:<\/strong> Poate fi utilizat\u0103 pentru a servi b\u0103uturi \u00een por\u021bii mai mici sau ca recipient pentru lichide la diverse evenimente<\/li>\n<li><strong>Elegan\u021b\u0103:<\/strong> Designul simplu \u0219i elegant se potrive\u0219te cu orice tematic\u0103 de eveniment<\/li>\n<\/ul>\n<p><strong>Ad\u0103uga\u021bi o not\u0103 de rafinament \u0219i func\u021bionalitate evenimentelor dumneavoastr\u0103 cu aceast\u0103 sticl\u0103 din sticl\u0103 transparent\u0103, oferit\u0103 de Coc Pack.<\/strong><\/p>\n","protected":false},"excerpt":{"rendered":"<p>V\u0103 rug\u0103m s\u0103 nu uita\u021bi s\u0103 ad\u0103uga\u021bi dopuri \u0219i eticheta personalizat\u0103 separat dup\u0103 ce a\u021bi ad\u0103ugat sticlele \u00een co\u0219.<\/p>\n<ul>\n<li>Pentru a selecta dopurile apasati <strong><a href=\"https:\/\/cocpack.ro\/index.php\/categorie-produs\/sticle-de-marturii\/accesorii-sticle\/dopuri-pentru-sticle\/\">aici.<\/a><\/strong><\/li>\n<li>Pentru a selecta etichetele apasati <strong><a href=\"https:\/\/cocpack.ro\/index.php\/categorie-produs\/sticle-de-marturii\/accesorii-sticle\/etichete-pentru-sticle\/\">aici<\/a>.<\/strong><\/li>\n<\/ul>\n","protected":false},"featured_media":4089,"comment_status":"open","ping_status":"closed","template":"","meta":[],"product_brand":[],"product_cat":[94],"product_tag":[],"class_list":{"0":"post-4087","1":"product","2":"type-product","3":"status-publish","4":"has-post-thumbnail","6":"product_cat-sticle-200-250-ml","8":"first","9":"instock","10":"shipping-taxable","11":"purchasable","12":"product-type-simple"},"_links":{"self":[{"href":"https:\/\/cocpack.ro\/index.php\/wp-json\/wp\/v2\/product\/4087","targetHints":{"allow":["GET"]}}],"collection":[{"href":"https:\/\/cocpack.ro\/index.php\/wp-json\/wp\/v2\/product"}],"about":[{"href":"https:\/\/cocpack.ro\/index.php\/wp-json\/wp\/v2\/types\/product"}],"replies":[{"embeddable":true,"href":"https:\/\/cocpack.ro\/index.php\/wp-json\/wp\/v2\/comments?post=4087"}],"wp:featuredmedia":[{"embeddable":true,"href":"https:\/\/cocpack.ro\/index.php\/wp-json\/wp\/v2\/media\/4089"}],"wp:attachment":[{"href":"https:\/\/cocpack.ro\/index.php\/wp-json\/wp\/v2\/media?parent=4087"}],"wp:term":[{"taxonomy":"product_brand","embeddable":true,"href":"https:\/\/cocpack.ro\/index.php\/wp-json\/wp\/v2\/product_brand?post=4087"},{"taxonomy":"product_cat","embeddable":true,"href":"https:\/\/cocpack.ro\/index.php\/wp-json\/wp\/v2\/product_cat?post=4087"},{"taxonomy":"product_tag","embeddable":true,"href":"https:\/\/cocpack.ro\/index.php\/wp-json\/wp\/v2\/product_tag?post=4087"}],"curies":[{"name":"wp","href":"https:\/\/api.w.org\/{rel}","templated":true}]}}