{"id":4105,"date":"2024-07-23T11:38:05","date_gmt":"2024-07-23T08:38:05","guid":{"rendered":"https:\/\/cocpack.ro\/?post_type=product&#038;p=4105"},"modified":"2026-02-03T12:30:37","modified_gmt":"2026-02-03T09:30:37","slug":"sticle-flat-cu-filet-pentru-marturii-nunta-si-botez-200ml","status":"publish","type":"product","link":"https:\/\/cocpack.ro\/index.php\/produs\/sticle-flat-cu-filet-pentru-marturii-nunta-si-botez-200ml\/","title":{"rendered":"Sticle Flat cu filet pentru marturii nunta si botez 200ml"},"content":{"rendered":"<h3>Sticl\u0103 Transparent\u0103 cu Filet &#8211; 200 ml<\/h3>\n<p><strong>Sticla de sticl\u0103 transparent\u0103 cu filet, cu o capacitate de 200 ml, este perfect\u0103 pentru a ad\u0103uga o not\u0103 de elegan\u021b\u0103 \u0219i rafinament evenimentelor speciale precum nun\u021bi \u0219i botezuri.<\/strong><\/p>\n<h4>Caracteristici:<\/h4>\n<ul>\n<li><strong>Capacitate:<\/strong> 200 ml<\/li>\n<li><strong>Material:<\/strong> Sticl\u0103 transparent\u0103<\/li>\n<li><strong>Design:<\/strong> Rotund, cu filet<\/li>\n<\/ul>\n<h4>Beneficii:<\/h4>\n<ul>\n<li><strong>Elegan\u021b\u0103 \u0219i Puritate:<\/strong> Transparen\u021ba sticlei \u0219i filetul subtil adaug\u0103 un plus de rafinament, subliniind frumuse\u021bea con\u021binutului s\u0103u.<\/li>\n<li><strong>Versatilitate:<\/strong> Ideal\u0103 pentru a p\u0103stra \u0219i oferi b\u0103uturi, siropuri sau alte mici comori. Perfect\u0103 pentru a fi personalizat\u0103 cu mesaje speciale, transform\u00e2nd-o \u00eentr-o amintire pre\u021bioas\u0103.<\/li>\n<li><strong>Amintire Memorabil\u0103:<\/strong> Devine un cadou apreciat care aduce bucurie \u0219i emo\u021bie celor dragi.<\/li>\n<\/ul>\n<p><strong>Pre\u021bul este exclusiv pentru sticl\u0103.<\/strong><\/p>\n<p>\ud83e\udd42 <strong>Capacul, dopul, etichetele sau orice alte accesorii decorative se pl\u0103tesc separat.<\/strong><\/p>\n<p>\ud83d\udd0d <strong>Pentru completarea aspectului, asigura\u021bi-v\u0103 c\u0103 ad\u0103uga\u021bi capacele \u0219i etichetele necesare.<\/strong><\/p>\n<p>\ud83d\uded2 <strong>Finaliza\u021bi comanda pentru a transforma aceast\u0103 sticl\u0103 \u00eentr-o amintire special\u0103 \u0219i elegant\u0103!<\/strong><\/p>\n","protected":false},"excerpt":{"rendered":"<p>V\u0103 rug\u0103m s\u0103 nu uita\u021bi s\u0103 ad\u0103uga\u021bi dopuri \u0219i eticheta personalizat\u0103 separat dup\u0103 ce a\u021bi ad\u0103ugat sticlele \u00een co\u0219.<\/p>\n<ul>\n<li>Pentru a selecta dopurile apasati <strong><a href=\"https:\/\/cocpack.ro\/index.php\/categorie-produs\/sticle-de-marturii\/accesorii-sticle\/dopuri-pentru-sticle\/\">aici.<\/a><\/strong><\/li>\n<li>Pentru a selecta etichetele apasati <strong><a href=\"https:\/\/cocpack.ro\/index.php\/categorie-produs\/sticle-de-marturii\/accesorii-sticle\/etichete-pentru-sticle\/\">aici<\/a>.<\/strong><\/li>\n<\/ul>\n","protected":false},"featured_media":4106,"comment_status":"open","ping_status":"closed","template":"","meta":[],"product_brand":[],"product_cat":[94],"product_tag":[],"class_list":{"0":"post-4105","1":"product","2":"type-product","3":"status-publish","4":"has-post-thumbnail","6":"product_cat-sticle-200-250-ml","8":"first","9":"instock","10":"shipping-taxable","11":"purchasable","12":"product-type-simple"},"_links":{"self":[{"href":"https:\/\/cocpack.ro\/index.php\/wp-json\/wp\/v2\/product\/4105","targetHints":{"allow":["GET"]}}],"collection":[{"href":"https:\/\/cocpack.ro\/index.php\/wp-json\/wp\/v2\/product"}],"about":[{"href":"https:\/\/cocpack.ro\/index.php\/wp-json\/wp\/v2\/types\/product"}],"replies":[{"embeddable":true,"href":"https:\/\/cocpack.ro\/index.php\/wp-json\/wp\/v2\/comments?post=4105"}],"wp:featuredmedia":[{"embeddable":true,"href":"https:\/\/cocpack.ro\/index.php\/wp-json\/wp\/v2\/media\/4106"}],"wp:attachment":[{"href":"https:\/\/cocpack.ro\/index.php\/wp-json\/wp\/v2\/media?parent=4105"}],"wp:term":[{"taxonomy":"product_brand","embeddable":true,"href":"https:\/\/cocpack.ro\/index.php\/wp-json\/wp\/v2\/product_brand?post=4105"},{"taxonomy":"product_cat","embeddable":true,"href":"https:\/\/cocpack.ro\/index.php\/wp-json\/wp\/v2\/product_cat?post=4105"},{"taxonomy":"product_tag","embeddable":true,"href":"https:\/\/cocpack.ro\/index.php\/wp-json\/wp\/v2\/product_tag?post=4105"}],"curies":[{"name":"wp","href":"https:\/\/api.w.org\/{rel}","templated":true}]}}