{"id":4129,"date":"2024-07-23T12:36:41","date_gmt":"2024-07-23T09:36:41","guid":{"rendered":"https:\/\/cocpack.ro\/?post_type=product&#038;p=4129"},"modified":"2025-09-02T19:45:02","modified_gmt":"2025-09-02T16:45:02","slug":"sticla-nunta-500ml-clasica","status":"publish","type":"product","link":"https:\/\/cocpack.ro\/index.php\/produs\/sticla-nunta-500ml-clasica\/","title":{"rendered":"Sticla, Nunta, 500 ml, Clasica"},"content":{"rendered":"<h3>Sticl\u0103 Nunt\u0103 Stof3 &#8211; 500 ml<\/h3>\n<p><strong>Elegan\u021ba \u0219i func\u021bionalitatea se \u00eent\u00e2lnesc \u00een sticla Stof3 de 500 ml, perfect\u0103 pentru a oferi o amintire rafinat\u0103 invita\u021bilor vo\u0219tri la nun\u021bi \u0219i botezuri.<\/strong><\/p>\n<h4>Detalii Produs:<\/h4>\n<ul>\n<li><strong>Capacitate:<\/strong> 500 ml<\/li>\n<li><strong>Dimensiuni:<\/strong> 80 mm x 50 mm x 227 mm<\/li>\n<li><strong>Material:<\/strong> Sticl\u0103<\/li>\n<li><strong>Culoare:<\/strong> Transparent<\/li>\n<\/ul>\n<h4>Caracteristici:<\/h4>\n<ul>\n<li><strong>Design Deosebit:<\/strong> Sticla Stof3 are o form\u0103 elegant\u0103 \u0219i compact\u0103, ideal\u0103 ca marturie pentru prietenii \u0219i invita\u021bii dumneavoastr\u0103.<\/li>\n<li><strong>Cu Filet:<\/strong> Sticla este prev\u0103zut\u0103 cu filet, oferind o sigilare sigur\u0103 \u0219i men\u021bin\u00e2nd con\u021binutul proasp\u0103t.<\/li>\n<li><strong>Versatilitate:<\/strong> Perfect\u0103 pentru \u00eembutelierea alcoolului, sucurilor, siropurilor sau altor lichide delicioase.<\/li>\n<\/ul>\n<p><strong>Pre\u021bul este exclusiv pentru sticlu\u021b\u0103.<\/strong><\/p>\n<h3>Nu uita\u021bi s\u0103 comanda\u021bi:<\/h3>\n<ul>\n<li><strong>Capacele\/dopurile<\/strong><\/li>\n<li><strong>Etichetele personalizate<\/strong><\/li>\n<li><strong>Panglicile decorative<\/strong><\/li>\n<\/ul>\n<p><strong>Ad\u0103uga\u021bi un plus de rafinament evenimentului vostru special cu sticlele Stof3 de 500 ml!<\/strong> \ud83c\udf7e<\/p>\n<p><strong>\u2757 Sticlele sunt din sticl\u0103 transparent\u0103.<\/strong><\/p>\n<p><strong>Nu uita\u021bi s\u0103 comanda\u021bi etichetele \u0219i capacele! \ud83d\ude42<\/strong><\/p>\n","protected":false},"excerpt":{"rendered":"<p>V\u0103 rug\u0103m s\u0103 nu uita\u021bi s\u0103 ad\u0103uga\u021bi dopuri \u0219i eticheta personalizat\u0103 separat dup\u0103 ce a\u021bi ad\u0103ugat sticlele \u00een co\u0219.<\/p>\n<ul>\n<li>Pentru a selecta dopurile apasati <strong><a href=\"https:\/\/cocpack.ro\/index.php\/categorie-produs\/sticle-de-marturii\/accesorii-sticle\/dopuri-pentru-sticle\/\">aici.<\/a><\/strong><\/li>\n<li>Pentru a selecta etichetele apasati <strong><a href=\"https:\/\/cocpack.ro\/index.php\/categorie-produs\/sticle-de-marturii\/accesorii-sticle\/etichete-pentru-sticle\/\">aici<\/a>.<\/strong><\/li>\n<\/ul>\n","protected":false},"featured_media":4130,"comment_status":"open","ping_status":"closed","template":"","meta":[],"product_brand":[],"product_cat":[95],"product_tag":[],"class_list":{"0":"post-4129","1":"product","2":"type-product","3":"status-publish","4":"has-post-thumbnail","6":"product_cat-sticle-500-ml","8":"first","9":"instock","10":"shipping-taxable","11":"purchasable","12":"product-type-simple"},"_links":{"self":[{"href":"https:\/\/cocpack.ro\/index.php\/wp-json\/wp\/v2\/product\/4129","targetHints":{"allow":["GET"]}}],"collection":[{"href":"https:\/\/cocpack.ro\/index.php\/wp-json\/wp\/v2\/product"}],"about":[{"href":"https:\/\/cocpack.ro\/index.php\/wp-json\/wp\/v2\/types\/product"}],"replies":[{"embeddable":true,"href":"https:\/\/cocpack.ro\/index.php\/wp-json\/wp\/v2\/comments?post=4129"}],"wp:featuredmedia":[{"embeddable":true,"href":"https:\/\/cocpack.ro\/index.php\/wp-json\/wp\/v2\/media\/4130"}],"wp:attachment":[{"href":"https:\/\/cocpack.ro\/index.php\/wp-json\/wp\/v2\/media?parent=4129"}],"wp:term":[{"taxonomy":"product_brand","embeddable":true,"href":"https:\/\/cocpack.ro\/index.php\/wp-json\/wp\/v2\/product_brand?post=4129"},{"taxonomy":"product_cat","embeddable":true,"href":"https:\/\/cocpack.ro\/index.php\/wp-json\/wp\/v2\/product_cat?post=4129"},{"taxonomy":"product_tag","embeddable":true,"href":"https:\/\/cocpack.ro\/index.php\/wp-json\/wp\/v2\/product_tag?post=4129"}],"curies":[{"name":"wp","href":"https:\/\/api.w.org\/{rel}","templated":true}]}}