{"id":4228,"date":"2024-07-25T11:11:48","date_gmt":"2024-07-25T08:11:48","guid":{"rendered":"https:\/\/cocpack.ro\/?post_type=product&#038;p=4228"},"modified":"2025-06-03T21:48:03","modified_gmt":"2025-06-03T18:48:03","slug":"dopuri-sticle-pluta-conic","status":"publish","type":"product","link":"https:\/\/cocpack.ro\/index.php\/produs\/dopuri-sticle-pluta-conic\/","title":{"rendered":"Dopuri Sticle Pluta Conic"},"content":{"rendered":"<p><strong>Dop Conic din Plut\u0103 21&#215;17-38 mm<\/strong><\/p>\n<p>V\u0103 recomand\u0103m dopul conic din plut\u0103 cu dimensiunile 21&#215;17-38 mm. Confectionat din plut\u0103 de calitate, acest dop este o solu\u021bie practic\u0103 \u0219i elegant\u0103 pentru \u00eenchiderea diferitelor sticle. Ideal pentru men\u021binerea prospe\u021bimii \u0219i siguran\u021bei con\u021binutului.<\/p>\n","protected":false},"excerpt":{"rendered":"<p>V\u0103 recomand\u0103m dopul conic din plut\u0103 cu dimensiunile 21&#215;17-38 mm. Confectionat din plut\u0103 de calitate, acest dop este o solu\u021bie practic\u0103 \u0219i elegant\u0103 pentru \u00eenchiderea diferitelor sticle. Ideal pentru men\u021binerea prospe\u021bimii \u0219i siguran\u021bei con\u021binutului.<\/p>\n<p>IMPORTANT:Daca clientul doreste sa comande doar dopuri fara sticle sau etichete cantitatea minima este de 100 BUC.!!!!!<\/p>\n","protected":false},"featured_media":4229,"comment_status":"open","ping_status":"closed","template":"","meta":[],"product_brand":[],"product_cat":[99],"product_tag":[],"class_list":{"0":"post-4228","1":"product","2":"type-product","3":"status-publish","4":"has-post-thumbnail","6":"product_cat-dopuri-pentru-sticle","8":"first","9":"instock","10":"shipping-taxable","11":"purchasable","12":"product-type-simple"},"_links":{"self":[{"href":"https:\/\/cocpack.ro\/index.php\/wp-json\/wp\/v2\/product\/4228","targetHints":{"allow":["GET"]}}],"collection":[{"href":"https:\/\/cocpack.ro\/index.php\/wp-json\/wp\/v2\/product"}],"about":[{"href":"https:\/\/cocpack.ro\/index.php\/wp-json\/wp\/v2\/types\/product"}],"replies":[{"embeddable":true,"href":"https:\/\/cocpack.ro\/index.php\/wp-json\/wp\/v2\/comments?post=4228"}],"wp:featuredmedia":[{"embeddable":true,"href":"https:\/\/cocpack.ro\/index.php\/wp-json\/wp\/v2\/media\/4229"}],"wp:attachment":[{"href":"https:\/\/cocpack.ro\/index.php\/wp-json\/wp\/v2\/media?parent=4228"}],"wp:term":[{"taxonomy":"product_brand","embeddable":true,"href":"https:\/\/cocpack.ro\/index.php\/wp-json\/wp\/v2\/product_brand?post=4228"},{"taxonomy":"product_cat","embeddable":true,"href":"https:\/\/cocpack.ro\/index.php\/wp-json\/wp\/v2\/product_cat?post=4228"},{"taxonomy":"product_tag","embeddable":true,"href":"https:\/\/cocpack.ro\/index.php\/wp-json\/wp\/v2\/product_tag?post=4228"}],"curies":[{"name":"wp","href":"https:\/\/api.w.org\/{rel}","templated":true}]}}