{"id":4254,"date":"2024-07-25T13:33:47","date_gmt":"2024-07-25T10:33:47","guid":{"rendered":"https:\/\/cocpack.ro\/?post_type=product&#038;p=4254"},"modified":"2025-06-03T21:48:03","modified_gmt":"2025-06-03T18:48:03","slug":"dopuri-pentru-sticle-auriu","status":"publish","type":"product","link":"https:\/\/cocpack.ro\/index.php\/produs\/dopuri-pentru-sticle-auriu\/","title":{"rendered":"Dopuri pentru Sticle, auriu"},"content":{"rendered":"<p>Dopul din aluminiu prefiletat, de culoare aurie, cu un diametru interior de 26 mm \u0219i o \u00een\u0103l\u021bime de 12 mm, este ideal pentru a ad\u0103uga un strop de elegan\u021b\u0103 \u0219i rafinament sticlelor tale. Fabricat din aluminiu de \u00eenalt\u0103 calitate, acest dop asigur\u0103 o etan\u0219are perfect\u0103, prevenind scurgerile \u0219i men\u021bin\u00e2nd prospe\u021bimea con\u021binutului pentru o durat\u0103 mai lung\u0103.<\/p>\n<p>Designul prefiletat permite o aplicare u\u0219oar\u0103 \u0219i o fixare sigur\u0103, asigur\u00e2nd o prindere stabil\u0103 pe sticl\u0103. Acest dop este potrivit pentru o varietate de utiliz\u0103ri, inclusiv ambalarea b\u0103uturilor, produselor alimentare sau ca detaliu de prezentare pentru cadouri \u0219i m\u0103rturii.<\/p>\n<p>Alege dopul din aluminiu prefiletat auriu pentru a ad\u0103uga un aspect sofisticat \u0219i deosebit ambalajelor tale, oferind \u00een acela\u0219i timp protec\u021bie \u0219i conservare eficient\u0103.<\/p>\n","protected":false},"excerpt":{"rendered":"<p>Dopul din aluminiu prefiletat, de culoare aurie, cu un diametru interior de 26 mm \u0219i o \u00een\u0103l\u021bime de 12 mm, este ideal pentru a ad\u0103uga un strop de elegan\u021b\u0103 \u0219i rafinament sticlelor tale. Fabricat din aluminiu de \u00eenalt\u0103 calitate, acest dop asigur\u0103 o etan\u0219are perfect\u0103, prevenind scurgerile \u0219i men\u021bin\u00e2nd prospe\u021bimea con\u021binutului pentru o durat\u0103 mai lung\u0103.<br \/>\nIMPORTANT:Daca clientul doreste sa comande doar dopuri fara sticle sau etichete cantitatea minima este de 100 BUC.!!!!!<\/p>\n","protected":false},"featured_media":4255,"comment_status":"open","ping_status":"closed","template":"","meta":[],"product_brand":[],"product_cat":[99],"product_tag":[],"class_list":{"0":"post-4254","1":"product","2":"type-product","3":"status-publish","4":"has-post-thumbnail","6":"product_cat-dopuri-pentru-sticle","8":"first","9":"instock","10":"shipping-taxable","11":"purchasable","12":"product-type-simple"},"_links":{"self":[{"href":"https:\/\/cocpack.ro\/index.php\/wp-json\/wp\/v2\/product\/4254","targetHints":{"allow":["GET"]}}],"collection":[{"href":"https:\/\/cocpack.ro\/index.php\/wp-json\/wp\/v2\/product"}],"about":[{"href":"https:\/\/cocpack.ro\/index.php\/wp-json\/wp\/v2\/types\/product"}],"replies":[{"embeddable":true,"href":"https:\/\/cocpack.ro\/index.php\/wp-json\/wp\/v2\/comments?post=4254"}],"wp:featuredmedia":[{"embeddable":true,"href":"https:\/\/cocpack.ro\/index.php\/wp-json\/wp\/v2\/media\/4255"}],"wp:attachment":[{"href":"https:\/\/cocpack.ro\/index.php\/wp-json\/wp\/v2\/media?parent=4254"}],"wp:term":[{"taxonomy":"product_brand","embeddable":true,"href":"https:\/\/cocpack.ro\/index.php\/wp-json\/wp\/v2\/product_brand?post=4254"},{"taxonomy":"product_cat","embeddable":true,"href":"https:\/\/cocpack.ro\/index.php\/wp-json\/wp\/v2\/product_cat?post=4254"},{"taxonomy":"product_tag","embeddable":true,"href":"https:\/\/cocpack.ro\/index.php\/wp-json\/wp\/v2\/product_tag?post=4254"}],"curies":[{"name":"wp","href":"https:\/\/api.w.org\/{rel}","templated":true}]}}