{"id":4334,"date":"2024-07-26T11:58:16","date_gmt":"2024-07-26T08:58:16","guid":{"rendered":"https:\/\/cocpack.ro\/?post_type=product&#038;p=4334"},"modified":"2026-01-28T13:43:23","modified_gmt":"2026-01-28T10:43:23","slug":"set-pahare-nasi","status":"publish","type":"product","link":"https:\/\/cocpack.ro\/index.php\/produs\/set-pahare-nasi\/","title":{"rendered":"Set Pahare Nasi"},"content":{"rendered":"","protected":false},"excerpt":{"rendered":"<p>Paharele pentru na\u0219i cu model floral mov \u0219i frunze verzi sunt o alegere minunat\u0103 \u0219i rafinat\u0103 pentru a celebra na\u0219ii la evenimente speciale precum nun\u021bi sau botezuri. Modelele florale mov simbolizeaz\u0103 noble\u021bea, elegan\u021ba \u0219i profunzimea sentimentelor, \u00een timp ce frunzele verzi adaug\u0103 un element de prospe\u021bime \u0219i vitalitate. \u00cempreun\u0103, aceste elemente creeaz\u0103 o estetic\u0103 pl\u0103cut\u0103 \u0219i sofisticat\u0103, perfect\u0103 pentru a reflecta respectul \u0219i aprecierea fa\u021b\u0103 de na\u0219i.<\/p>\n","protected":false},"featured_media":4335,"comment_status":"open","ping_status":"closed","template":"","meta":[],"product_brand":[],"product_cat":[116],"product_tag":[],"class_list":{"0":"post-4334","1":"product","2":"type-product","3":"status-publish","4":"has-post-thumbnail","6":"product_cat-pahare-miri-si-nasi","8":"first","9":"instock","10":"shipping-taxable","11":"purchasable","12":"product-type-simple"},"_links":{"self":[{"href":"https:\/\/cocpack.ro\/index.php\/wp-json\/wp\/v2\/product\/4334","targetHints":{"allow":["GET"]}}],"collection":[{"href":"https:\/\/cocpack.ro\/index.php\/wp-json\/wp\/v2\/product"}],"about":[{"href":"https:\/\/cocpack.ro\/index.php\/wp-json\/wp\/v2\/types\/product"}],"replies":[{"embeddable":true,"href":"https:\/\/cocpack.ro\/index.php\/wp-json\/wp\/v2\/comments?post=4334"}],"wp:featuredmedia":[{"embeddable":true,"href":"https:\/\/cocpack.ro\/index.php\/wp-json\/wp\/v2\/media\/4335"}],"wp:attachment":[{"href":"https:\/\/cocpack.ro\/index.php\/wp-json\/wp\/v2\/media?parent=4334"}],"wp:term":[{"taxonomy":"product_brand","embeddable":true,"href":"https:\/\/cocpack.ro\/index.php\/wp-json\/wp\/v2\/product_brand?post=4334"},{"taxonomy":"product_cat","embeddable":true,"href":"https:\/\/cocpack.ro\/index.php\/wp-json\/wp\/v2\/product_cat?post=4334"},{"taxonomy":"product_tag","embeddable":true,"href":"https:\/\/cocpack.ro\/index.php\/wp-json\/wp\/v2\/product_tag?post=4334"}],"curies":[{"name":"wp","href":"https:\/\/api.w.org\/{rel}","templated":true}]}}