{"id":4336,"date":"2024-07-26T12:01:38","date_gmt":"2024-07-26T09:01:38","guid":{"rendered":"https:\/\/cocpack.ro\/?post_type=product&#038;p=4336"},"modified":"2026-02-24T20:43:23","modified_gmt":"2026-02-24T17:43:23","slug":"set-pahare-nasi-portrete","status":"publish","type":"product","link":"https:\/\/cocpack.ro\/index.php\/produs\/set-pahare-nasi-portrete\/","title":{"rendered":"Set Pahare Nasi, portrete"},"content":{"rendered":"","protected":false},"excerpt":{"rendered":"<p>Paharele elegante pentru na\u0219i care reprezint\u0103 dou\u0103 persoane, na\u0219ul \u0219i na\u0219a, \u00eembr\u0103ca\u021bi \u00een haine elegante, sunt o alegere deosebit\u0103 \u0219i simbolic\u0103 pentru evenimente speciale precum nun\u021bi \u0219i botezuri. Na\u0219ul \u0219i na\u0219a sunt prezenta\u021bi \u00een posturi demne \u0219i stilate, accentu\u00e2nd leg\u0103tura special\u0103 pe care o au cu mirii sau cu p\u0103rin\u021bii copilului botezat.<\/p>\n<p>Aceste pahare nu sunt doar obiecte de decor, ci \u0219i simboluri ale aprecierii \u0219i respectului fa\u021b\u0103 de na\u0219i. Fie c\u0103 sunt folosite pentru a \u00eenchina la eveniment sau p\u0103strate ca suvenir, sunt o alegere excelent\u0103 pentru a celebra momentele de neuitat \u0219i leg\u0103turile speciale.<\/p>\n","protected":false},"featured_media":4337,"comment_status":"open","ping_status":"closed","template":"","meta":[],"product_brand":[],"product_cat":[116],"product_tag":[],"class_list":{"0":"post-4336","1":"product","2":"type-product","3":"status-publish","4":"has-post-thumbnail","6":"product_cat-pahare-miri-si-nasi","8":"first","9":"instock","10":"shipping-taxable","11":"purchasable","12":"product-type-simple"},"_links":{"self":[{"href":"https:\/\/cocpack.ro\/index.php\/wp-json\/wp\/v2\/product\/4336","targetHints":{"allow":["GET"]}}],"collection":[{"href":"https:\/\/cocpack.ro\/index.php\/wp-json\/wp\/v2\/product"}],"about":[{"href":"https:\/\/cocpack.ro\/index.php\/wp-json\/wp\/v2\/types\/product"}],"replies":[{"embeddable":true,"href":"https:\/\/cocpack.ro\/index.php\/wp-json\/wp\/v2\/comments?post=4336"}],"wp:featuredmedia":[{"embeddable":true,"href":"https:\/\/cocpack.ro\/index.php\/wp-json\/wp\/v2\/media\/4337"}],"wp:attachment":[{"href":"https:\/\/cocpack.ro\/index.php\/wp-json\/wp\/v2\/media?parent=4336"}],"wp:term":[{"taxonomy":"product_brand","embeddable":true,"href":"https:\/\/cocpack.ro\/index.php\/wp-json\/wp\/v2\/product_brand?post=4336"},{"taxonomy":"product_cat","embeddable":true,"href":"https:\/\/cocpack.ro\/index.php\/wp-json\/wp\/v2\/product_cat?post=4336"},{"taxonomy":"product_tag","embeddable":true,"href":"https:\/\/cocpack.ro\/index.php\/wp-json\/wp\/v2\/product_tag?post=4336"}],"curies":[{"name":"wp","href":"https:\/\/api.w.org\/{rel}","templated":true}]}}