{"id":4346,"date":"2024-07-26T12:17:56","date_gmt":"2024-07-26T09:17:56","guid":{"rendered":"https:\/\/cocpack.ro\/?post_type=product&#038;p=4346"},"modified":"2024-08-14T17:28:52","modified_gmt":"2024-08-14T14:28:52","slug":"pahare-pentru-miri-pentru-spart-1-buc","status":"publish","type":"product","link":"https:\/\/cocpack.ro\/index.php\/produs\/pahare-pentru-miri-pentru-spart-1-buc\/","title":{"rendered":"Pahare pentru miri pentru spart, 1 buc."},"content":{"rendered":"","protected":false},"excerpt":{"rendered":"<p>Eleva\u021bi elegan\u021ba cu paharele albe pentru na\u0219i, \u00eempodobite cu trandafiri ro\u0219\u00e9 subtile. Cu inscrip\u021bii delicate \u201cNasul\u201d \u0219i \u201cNasa\u201d, aceste pahare celebreaz\u0103 leg\u0103tura special\u0103. Designul rafinat \u0219i paleta de culori subliniaz\u0103 importan\u021ba momentului. O alegere perfect\u0103 pentru a onora na\u0219ii cu suveniruri personalizate, reflect\u00e2nd frumuse\u021bea \u0219i semnifica\u021bia unui angajament profund.<\/p>\n","protected":false},"featured_media":4347,"comment_status":"open","ping_status":"closed","template":"","meta":[],"product_brand":[],"product_cat":[116],"product_tag":[],"class_list":{"0":"post-4346","1":"product","2":"type-product","3":"status-publish","4":"has-post-thumbnail","6":"product_cat-pahare-miri-si-nasi","8":"first","9":"instock","10":"shipping-taxable","11":"purchasable","12":"product-type-simple"},"_links":{"self":[{"href":"https:\/\/cocpack.ro\/index.php\/wp-json\/wp\/v2\/product\/4346","targetHints":{"allow":["GET"]}}],"collection":[{"href":"https:\/\/cocpack.ro\/index.php\/wp-json\/wp\/v2\/product"}],"about":[{"href":"https:\/\/cocpack.ro\/index.php\/wp-json\/wp\/v2\/types\/product"}],"replies":[{"embeddable":true,"href":"https:\/\/cocpack.ro\/index.php\/wp-json\/wp\/v2\/comments?post=4346"}],"wp:featuredmedia":[{"embeddable":true,"href":"https:\/\/cocpack.ro\/index.php\/wp-json\/wp\/v2\/media\/4347"}],"wp:attachment":[{"href":"https:\/\/cocpack.ro\/index.php\/wp-json\/wp\/v2\/media?parent=4346"}],"wp:term":[{"taxonomy":"product_brand","embeddable":true,"href":"https:\/\/cocpack.ro\/index.php\/wp-json\/wp\/v2\/product_brand?post=4346"},{"taxonomy":"product_cat","embeddable":true,"href":"https:\/\/cocpack.ro\/index.php\/wp-json\/wp\/v2\/product_cat?post=4346"},{"taxonomy":"product_tag","embeddable":true,"href":"https:\/\/cocpack.ro\/index.php\/wp-json\/wp\/v2\/product_tag?post=4346"}],"curies":[{"name":"wp","href":"https:\/\/api.w.org\/{rel}","templated":true}]}}