{"id":4766,"date":"2024-07-31T10:50:34","date_gmt":"2024-07-31T07:50:34","guid":{"rendered":"https:\/\/cocpack.ro\/?post_type=product&#038;p=4766"},"modified":"2025-11-11T19:22:54","modified_gmt":"2025-11-11T16:22:54","slug":"halat-personalizate","status":"publish","type":"product","link":"https:\/\/cocpack.ro\/index.php\/produs\/halat-personalizate\/","title":{"rendered":"Halat personalizat"},"content":{"rendered":"<div class=\"flex-shrink-0 flex flex-col relative items-end\">\n<div class=\"pt-0\">\n<div class=\"gizmo-bot-avatar flex h-8 w-8 items-center justify-center overflow-hidden rounded-full\">\n<div class=\"relative p-1 rounded-sm flex items-center justify-center bg-token-main-surface-primary text-token-text-primary h-8 w-8\">\n<p>Acest halat personalizat din satin este creat pentru a ad\u0103uga o not\u0103 de elegan\u021b\u0103 \u0219i rafinament \u00een momentele speciale ale unei mirese. Realizat din satin de cea mai \u00eenalt\u0103 calitate, halatul ofer\u0103 un confort excep\u021bional \u0219i o senza\u021bie de lux, perfect\u0103 pentru preg\u0103tirile de nunt\u0103 sau pentru momentele de relaxare de acas\u0103.<\/p>\n<ul>\n<li><strong>Material:<\/strong> Satin fin, care se simte delicat \u0219i luxos pe piele, ideal pentru momente de r\u0103sf\u0103\u021b \u0219i confort.<\/li>\n<li><strong>Personalizare:<\/strong> Mesajul &#8222;Bride&#8221; este brodat cu aten\u021bie, ad\u0103ug\u00e2nd o not\u0103 personal\u0103 \u0219i emo\u021bionant\u0103, simboliz\u00e2nd toate etapele \u0219i rolurile frumoase ale vie\u021bii unei femei.<\/li>\n<li><strong>Design:<\/strong> Halatul este alb pur, decorat cu accente subtile albastre, care aduc o not\u0103 de prospe\u021bime \u0219i delicate\u021be. Inscrip\u021bia &#8222;Bride&#8221; este elegant plasat\u0103, aduc\u00e2nd un omagiu rolului special al miresei \u00een ziua nun\u021bii.<\/li>\n<li><strong>M\u0103rime:<\/strong> Universal\u0103, cu cordon ajustabil, pentru a se potrivi confortabil oric\u0103rei siluete.<\/li>\n<\/ul>\n<\/div>\n<\/div>\n<\/div>\n<\/div>\n","protected":false},"excerpt":{"rendered":"<p>Acest halat personalizat este un must-have pentru orice mireas\u0103, oferind confort, elegan\u021b\u0103 \u0219i un suvenir pre\u021bios din ziua nun\u021bii \u0219i din toate momentele speciale ce urmeaz\u0103.<\/p>\n","protected":false},"featured_media":4767,"comment_status":"open","ping_status":"closed","template":"","meta":[],"product_brand":[],"product_cat":[120],"product_tag":[],"class_list":{"0":"post-4766","1":"product","2":"type-product","3":"status-publish","4":"has-post-thumbnail","6":"product_cat-halate-mirese","8":"first","9":"instock","10":"shipping-taxable","11":"purchasable","12":"product-type-simple"},"_links":{"self":[{"href":"https:\/\/cocpack.ro\/index.php\/wp-json\/wp\/v2\/product\/4766","targetHints":{"allow":["GET"]}}],"collection":[{"href":"https:\/\/cocpack.ro\/index.php\/wp-json\/wp\/v2\/product"}],"about":[{"href":"https:\/\/cocpack.ro\/index.php\/wp-json\/wp\/v2\/types\/product"}],"replies":[{"embeddable":true,"href":"https:\/\/cocpack.ro\/index.php\/wp-json\/wp\/v2\/comments?post=4766"}],"wp:featuredmedia":[{"embeddable":true,"href":"https:\/\/cocpack.ro\/index.php\/wp-json\/wp\/v2\/media\/4767"}],"wp:attachment":[{"href":"https:\/\/cocpack.ro\/index.php\/wp-json\/wp\/v2\/media?parent=4766"}],"wp:term":[{"taxonomy":"product_brand","embeddable":true,"href":"https:\/\/cocpack.ro\/index.php\/wp-json\/wp\/v2\/product_brand?post=4766"},{"taxonomy":"product_cat","embeddable":true,"href":"https:\/\/cocpack.ro\/index.php\/wp-json\/wp\/v2\/product_cat?post=4766"},{"taxonomy":"product_tag","embeddable":true,"href":"https:\/\/cocpack.ro\/index.php\/wp-json\/wp\/v2\/product_tag?post=4766"}],"curies":[{"name":"wp","href":"https:\/\/api.w.org\/{rel}","templated":true}]}}