{"id":4833,"date":"2024-07-31T12:52:49","date_gmt":"2024-07-31T09:52:49","guid":{"rendered":"https:\/\/cocpack.ro\/?post_type=product&#038;p=4833"},"modified":"2026-01-27T19:47:43","modified_gmt":"2026-01-27T16:47:43","slug":"buchet-de-mireasa-si-nasa-perfect","status":"publish","type":"product","link":"https:\/\/cocpack.ro\/index.php\/produs\/buchet-de-mireasa-si-nasa-perfect\/","title":{"rendered":"Buchet de Mireas\u0103 \u0219i Na\u0219\u0103, Perfect You!"},"content":{"rendered":"<p>Buchetul este conceput pentru a fi rezistent la mi\u0219c\u0103ri bruste \u0219i umiditate, garant\u00e2nd c\u0103 va r\u0103m\u00e2ne impecabil pe tot parcursul evenimentului. Ideal pentru a completa orice rochie de mireas\u0103 sau na\u0219\u0103, acest buchet adaug\u0103 un plus de culoare \u0219i stil, devenind \u0219i o amintire pre\u021bioas\u0103 a zilei nun\u021bii.<\/p>\n<p><strong>Caracteristici:<\/strong><\/p>\n<ul>\n<li><strong>Florile: Din sapun si artificiale<\/strong>, pentru o prospe\u021bime \u0219i durabilitate de lung\u0103 durat\u0103<\/li>\n<li><strong>Decor:<\/strong> Multicolor \u0219i elegant, perfect armonizat pentru a se potrivi cu tema nun\u021bii<\/li>\n<li><strong>Rezisten\u021b\u0103:<\/strong> Proiectat pentru a rezista la mi\u0219c\u0103ri bruste \u0219i condi\u021bii de umiditate<\/li>\n<\/ul>\n<p>Alege\u021bi acest buchet pentru a aduce un plus de elegan\u021b\u0103 \u0219i rafinament evenimentului vostru special, oferindu-le miresei \u0219i na\u0219ei un simbol al leg\u0103turii \u0219i al frumuse\u021bii zilei de neuitat.<\/p>\n","protected":false},"excerpt":{"rendered":"<p>Acest buchet, confec\u021bionat manual cu o aten\u021bie deosebit\u0103 la detalii, este alegerea perfect\u0103 at\u00e2t pentru mireas\u0103, c\u00e2t \u0219i pentru na\u0219\u0103, \u00een ziua cea mare. Florile sunt din sapun si flori artificiale care p\u0103streaz\u0103 prospe\u021bimea \u0219i frumuse\u021bea natural\u0103, oferind un decor multicolor \u0219i elegant, care va atrage toate privirile. Designul s\u0103u sofisticat este completat de un decor rafinat, asigur\u00e2nd un aspect deosebit \u0219i memorabil pentru ambele protagoniste ale evenimentului.<\/p>\n","protected":false},"featured_media":4834,"comment_status":"open","ping_status":"closed","template":"","meta":[],"product_brand":[],"product_cat":[300],"product_tag":[],"class_list":{"0":"post-4833","1":"product","2":"type-product","3":"status-publish","4":"has-post-thumbnail","6":"product_cat-buchete-mireasa-nase","8":"first","9":"instock","10":"shipping-taxable","11":"purchasable","12":"product-type-simple"},"_links":{"self":[{"href":"https:\/\/cocpack.ro\/index.php\/wp-json\/wp\/v2\/product\/4833","targetHints":{"allow":["GET"]}}],"collection":[{"href":"https:\/\/cocpack.ro\/index.php\/wp-json\/wp\/v2\/product"}],"about":[{"href":"https:\/\/cocpack.ro\/index.php\/wp-json\/wp\/v2\/types\/product"}],"replies":[{"embeddable":true,"href":"https:\/\/cocpack.ro\/index.php\/wp-json\/wp\/v2\/comments?post=4833"}],"wp:featuredmedia":[{"embeddable":true,"href":"https:\/\/cocpack.ro\/index.php\/wp-json\/wp\/v2\/media\/4834"}],"wp:attachment":[{"href":"https:\/\/cocpack.ro\/index.php\/wp-json\/wp\/v2\/media?parent=4833"}],"wp:term":[{"taxonomy":"product_brand","embeddable":true,"href":"https:\/\/cocpack.ro\/index.php\/wp-json\/wp\/v2\/product_brand?post=4833"},{"taxonomy":"product_cat","embeddable":true,"href":"https:\/\/cocpack.ro\/index.php\/wp-json\/wp\/v2\/product_cat?post=4833"},{"taxonomy":"product_tag","embeddable":true,"href":"https:\/\/cocpack.ro\/index.php\/wp-json\/wp\/v2\/product_tag?post=4833"}],"curies":[{"name":"wp","href":"https:\/\/api.w.org\/{rel}","templated":true}]}}