{"id":5580,"date":"2024-09-23T15:29:23","date_gmt":"2024-09-23T12:29:23","guid":{"rendered":"https:\/\/cocpack.ro\/?post_type=product&#038;p=5580"},"modified":"2026-01-04T20:28:52","modified_gmt":"2026-01-04T17:28:52","slug":"set-2-umerase-mireasa-mire","status":"publish","type":"product","link":"https:\/\/cocpack.ro\/index.php\/produs\/set-2-umerase-mireasa-mire\/","title":{"rendered":"Set 2 umerase mireasa &#038; mire"},"content":{"rendered":"<p>Set umera\u0219e PVC Mire&amp;Mireas\u0103. Umera\u0219e din PVC de \u00eenalt\u0103 calitate pentru rochia de mireas\u0103 \u0219i costumul de mire. Design perfect pentru fotografii de nunt\u0103<\/p>\n","protected":false},"excerpt":{"rendered":"<p>Setul de umera\u0219e este construit pentru a rezista \u0219i a oferi o prezentare impecabil\u0103 a rochiei tale de mireas\u0103. Designul clasic fac din aceste umera\u0219e un accesoriu esen\u021bial pentru orice mireas\u0103 sau mire.<\/p>\n","protected":false},"featured_media":5581,"comment_status":"open","ping_status":"closed","template":"","meta":[],"product_brand":[],"product_cat":[118],"product_tag":[],"class_list":{"0":"post-5580","1":"product","2":"type-product","3":"status-publish","4":"has-post-thumbnail","6":"product_cat-umerase","8":"first","9":"instock","10":"shipping-taxable","11":"purchasable","12":"product-type-simple"},"_links":{"self":[{"href":"https:\/\/cocpack.ro\/index.php\/wp-json\/wp\/v2\/product\/5580","targetHints":{"allow":["GET"]}}],"collection":[{"href":"https:\/\/cocpack.ro\/index.php\/wp-json\/wp\/v2\/product"}],"about":[{"href":"https:\/\/cocpack.ro\/index.php\/wp-json\/wp\/v2\/types\/product"}],"replies":[{"embeddable":true,"href":"https:\/\/cocpack.ro\/index.php\/wp-json\/wp\/v2\/comments?post=5580"}],"wp:featuredmedia":[{"embeddable":true,"href":"https:\/\/cocpack.ro\/index.php\/wp-json\/wp\/v2\/media\/5581"}],"wp:attachment":[{"href":"https:\/\/cocpack.ro\/index.php\/wp-json\/wp\/v2\/media?parent=5580"}],"wp:term":[{"taxonomy":"product_brand","embeddable":true,"href":"https:\/\/cocpack.ro\/index.php\/wp-json\/wp\/v2\/product_brand?post=5580"},{"taxonomy":"product_cat","embeddable":true,"href":"https:\/\/cocpack.ro\/index.php\/wp-json\/wp\/v2\/product_cat?post=5580"},{"taxonomy":"product_tag","embeddable":true,"href":"https:\/\/cocpack.ro\/index.php\/wp-json\/wp\/v2\/product_tag?post=5580"}],"curies":[{"name":"wp","href":"https:\/\/api.w.org\/{rel}","templated":true}]}}