{"id":5649,"date":"2024-10-01T11:46:03","date_gmt":"2024-10-01T08:46:03","guid":{"rendered":"https:\/\/cocpack.ro\/?post_type=product&#038;p=5649"},"modified":"2025-06-03T21:48:03","modified_gmt":"2025-06-03T18:48:03","slug":"capison-auriu-32x55","status":"publish","type":"product","link":"https:\/\/cocpack.ro\/index.php\/produs\/capison-auriu-32x55\/","title":{"rendered":"Capison auriu 32X55"},"content":{"rendered":"<p>Culoarea aurie adaug\u0103 un plus de rafinament, fiind ideal\u0103 pentru ocazii speciale sau cadouri. Capisonul nu doar \u00eembun\u0103t\u0103\u021be\u0219te prezentarea sticlei, ci \u0219i asigur\u0103 o etan\u0219are suplimentar\u0103, protej\u00e2nd dopul de umezeal\u0103 \u0219i praf. U\u0219or de aplicat, acesta ofer\u0103 o not\u0103 final\u0103 de elegan\u021b\u0103 produselor \u00eembuteliate.<\/p>\n","protected":false},"excerpt":{"rendered":"<p>Capi\u0219onul auriu de dimensiunea 32\u00d755 mm este un accesoriu esen\u021bial  \u0219i un aspect estetic deosebit. Acesta este utilizat frecvent pentru sticle de vin, \u0219ampanie sau alte b\u0103uturi, conferindu-le un finisaj elegant \u0219i profesional.<br \/>\nIMPORTANT:Daca clientul doreste sa comande doar dopuri fara sticle sau etichete cantitatea minima este de 100 BUC.!!!!!<\/p>\n","protected":false},"featured_media":5650,"comment_status":"open","ping_status":"closed","template":"","meta":[],"product_brand":[],"product_cat":[99],"product_tag":[],"class_list":{"0":"post-5649","1":"product","2":"type-product","3":"status-publish","4":"has-post-thumbnail","6":"product_cat-dopuri-pentru-sticle","8":"first","9":"instock","10":"shipping-taxable","11":"purchasable","12":"product-type-simple"},"_links":{"self":[{"href":"https:\/\/cocpack.ro\/index.php\/wp-json\/wp\/v2\/product\/5649","targetHints":{"allow":["GET"]}}],"collection":[{"href":"https:\/\/cocpack.ro\/index.php\/wp-json\/wp\/v2\/product"}],"about":[{"href":"https:\/\/cocpack.ro\/index.php\/wp-json\/wp\/v2\/types\/product"}],"replies":[{"embeddable":true,"href":"https:\/\/cocpack.ro\/index.php\/wp-json\/wp\/v2\/comments?post=5649"}],"wp:featuredmedia":[{"embeddable":true,"href":"https:\/\/cocpack.ro\/index.php\/wp-json\/wp\/v2\/media\/5650"}],"wp:attachment":[{"href":"https:\/\/cocpack.ro\/index.php\/wp-json\/wp\/v2\/media?parent=5649"}],"wp:term":[{"taxonomy":"product_brand","embeddable":true,"href":"https:\/\/cocpack.ro\/index.php\/wp-json\/wp\/v2\/product_brand?post=5649"},{"taxonomy":"product_cat","embeddable":true,"href":"https:\/\/cocpack.ro\/index.php\/wp-json\/wp\/v2\/product_cat?post=5649"},{"taxonomy":"product_tag","embeddable":true,"href":"https:\/\/cocpack.ro\/index.php\/wp-json\/wp\/v2\/product_tag?post=5649"}],"curies":[{"name":"wp","href":"https:\/\/api.w.org\/{rel}","templated":true}]}}