{"id":5655,"date":"2024-10-01T14:07:51","date_gmt":"2024-10-01T11:07:51","guid":{"rendered":"https:\/\/cocpack.ro\/?post_type=product&#038;p=5655"},"modified":"2025-11-06T20:29:59","modified_gmt":"2025-11-06T17:29:59","slug":"sticle-marturii-250ml-is","status":"publish","type":"product","link":"https:\/\/cocpack.ro\/index.php\/produs\/sticle-marturii-250ml-is\/","title":{"rendered":"Sticle Marturii 250ml IS"},"content":{"rendered":"<p>Sticlele de tip IS PP28 cu capacitatea de 250ml sunt ideale pentru m\u0103rturii la evenimente speciale, cum ar fi nun\u021bi, botezuri sau anivers\u0103ri. Ele sunt perfecte pentru a fi umplute cu diverse lichide, precum vin, lichior, siropuri, uleiuri aromatice sau miere.<\/p>\n<p>Dopurile pentru aceste sticle se achizi\u021bioneaz\u0103 separat.<\/p>\n<p>Pentru un plus de elegan\u021b\u0103 \u0219i personalizare, v\u0103 recomand\u0103m s\u0103 accesoriza\u021bi sticlele cu etichete personalizate. Acestea vor ad\u0103uga o not\u0103 distinctiv\u0103 \u0219i vor transforma m\u0103rturiile \u00eentr-o amintire deosebit\u0103 \u0219i memorabil\u0103 pentru invita\u021bi.<\/p>\n","protected":false},"excerpt":{"rendered":"<p>V\u0103 rug\u0103m s\u0103 nu uita\u021bi s\u0103 ad\u0103uga\u021bi dopuri \u0219i eticheta personalizat\u0103 separat dup\u0103 ce a\u021bi ad\u0103ugat sticlele \u00een co\u0219.<\/p>\n<ul>\n<li>Pentru a selecta dopurile apasati <strong><a href=\"https:\/\/cocpack.ro\/index.php\/categorie-produs\/sticle-de-marturii\/accesorii-sticle\/dopuri-pentru-sticle\/\">aici.<\/a><\/strong><\/li>\n<li>Pentru a selecta etichetele apasati <strong><a href=\"https:\/\/cocpack.ro\/index.php\/categorie-produs\/sticle-de-marturii\/accesorii-sticle\/etichete-pentru-sticle\/\">aici<\/a>.<\/strong><\/li>\n<\/ul>\n","protected":false},"featured_media":5656,"comment_status":"open","ping_status":"closed","template":"","meta":[],"product_brand":[],"product_cat":[94],"product_tag":[],"class_list":{"0":"post-5655","1":"product","2":"type-product","3":"status-publish","4":"has-post-thumbnail","6":"product_cat-sticle-200-250-ml","8":"first","9":"outofstock","10":"shipping-taxable","11":"purchasable","12":"product-type-simple"},"_links":{"self":[{"href":"https:\/\/cocpack.ro\/index.php\/wp-json\/wp\/v2\/product\/5655","targetHints":{"allow":["GET"]}}],"collection":[{"href":"https:\/\/cocpack.ro\/index.php\/wp-json\/wp\/v2\/product"}],"about":[{"href":"https:\/\/cocpack.ro\/index.php\/wp-json\/wp\/v2\/types\/product"}],"replies":[{"embeddable":true,"href":"https:\/\/cocpack.ro\/index.php\/wp-json\/wp\/v2\/comments?post=5655"}],"wp:featuredmedia":[{"embeddable":true,"href":"https:\/\/cocpack.ro\/index.php\/wp-json\/wp\/v2\/media\/5656"}],"wp:attachment":[{"href":"https:\/\/cocpack.ro\/index.php\/wp-json\/wp\/v2\/media?parent=5655"}],"wp:term":[{"taxonomy":"product_brand","embeddable":true,"href":"https:\/\/cocpack.ro\/index.php\/wp-json\/wp\/v2\/product_brand?post=5655"},{"taxonomy":"product_cat","embeddable":true,"href":"https:\/\/cocpack.ro\/index.php\/wp-json\/wp\/v2\/product_cat?post=5655"},{"taxonomy":"product_tag","embeddable":true,"href":"https:\/\/cocpack.ro\/index.php\/wp-json\/wp\/v2\/product_tag?post=5655"}],"curies":[{"name":"wp","href":"https:\/\/api.w.org\/{rel}","templated":true}]}}