{"id":5659,"date":"2024-10-01T14:20:24","date_gmt":"2024-10-01T11:20:24","guid":{"rendered":"https:\/\/cocpack.ro\/?post_type=product&#038;p=5659"},"modified":"2026-02-03T12:29:00","modified_gmt":"2026-02-03T09:29:00","slug":"sticle-pentru-marturii-nunta-200-ml-runa","status":"publish","type":"product","link":"https:\/\/cocpack.ro\/index.php\/produs\/sticle-pentru-marturii-nunta-200-ml-runa\/","title":{"rendered":"Sticle pentru marturii nunta 200 ml Runa"},"content":{"rendered":"<p>In semn de multumire pentru participarea la eveniment puteti oferi pe langa cutia de prajituri si o sticla care sa contina bautura cu care alegeti sa va desfatati invitatii. Fie ca alegeti vin, tuica, coniac sau diverse siropuri, sticla pentru marturii nunta si botez Runa cu o capacitate de 200ml si filet este potrivita pentru a fi oferita in dar. Alegeti tot din oferta noastra capace pentru sticla, etichete si panglcii cu care sa o personalizati.<\/p>\n<p>\u2757Sticla este din sticla transparenta.<\/p>\n<p>La final nu uitati sa le ambalati frumos intr-o punga pentru nunta deosebita.<\/p>\n","protected":false},"excerpt":{"rendered":"<p>V\u0103 rug\u0103m s\u0103 nu uita\u021bi s\u0103 ad\u0103uga\u021bi dopuri \u0219i eticheta personalizat\u0103 separat dup\u0103 ce a\u021bi ad\u0103ugat sticlele \u00een co\u0219.<\/p>\n<ul>\n<li>Pentru a selecta dopurile apasati <strong><a href=\"https:\/\/cocpack.ro\/index.php\/categorie-produs\/sticle-de-marturii\/accesorii-sticle\/dopuri-pentru-sticle\/\">aici.<\/a><\/strong><\/li>\n<li>Pentru a selecta etichetele apasati <strong><a href=\"https:\/\/cocpack.ro\/index.php\/categorie-produs\/sticle-de-marturii\/accesorii-sticle\/etichete-pentru-sticle\/\">aici<\/a>.<\/strong><\/li>\n<\/ul>\n","protected":false},"featured_media":5660,"comment_status":"open","ping_status":"closed","template":"","meta":[],"product_brand":[],"product_cat":[355,94],"product_tag":[],"class_list":{"0":"post-5659","1":"product","2":"type-product","3":"status-publish","4":"has-post-thumbnail","6":"product_cat-promotii","7":"product_cat-sticle-200-250-ml","9":"first","10":"instock","11":"sale","12":"shipping-taxable","13":"purchasable","14":"product-type-simple"},"_links":{"self":[{"href":"https:\/\/cocpack.ro\/index.php\/wp-json\/wp\/v2\/product\/5659","targetHints":{"allow":["GET"]}}],"collection":[{"href":"https:\/\/cocpack.ro\/index.php\/wp-json\/wp\/v2\/product"}],"about":[{"href":"https:\/\/cocpack.ro\/index.php\/wp-json\/wp\/v2\/types\/product"}],"replies":[{"embeddable":true,"href":"https:\/\/cocpack.ro\/index.php\/wp-json\/wp\/v2\/comments?post=5659"}],"wp:featuredmedia":[{"embeddable":true,"href":"https:\/\/cocpack.ro\/index.php\/wp-json\/wp\/v2\/media\/5660"}],"wp:attachment":[{"href":"https:\/\/cocpack.ro\/index.php\/wp-json\/wp\/v2\/media?parent=5659"}],"wp:term":[{"taxonomy":"product_brand","embeddable":true,"href":"https:\/\/cocpack.ro\/index.php\/wp-json\/wp\/v2\/product_brand?post=5659"},{"taxonomy":"product_cat","embeddable":true,"href":"https:\/\/cocpack.ro\/index.php\/wp-json\/wp\/v2\/product_cat?post=5659"},{"taxonomy":"product_tag","embeddable":true,"href":"https:\/\/cocpack.ro\/index.php\/wp-json\/wp\/v2\/product_tag?post=5659"}],"curies":[{"name":"wp","href":"https:\/\/api.w.org\/{rel}","templated":true}]}}