{"id":6389,"date":"2024-11-22T17:09:04","date_gmt":"2024-11-22T14:09:04","guid":{"rendered":"https:\/\/cocpack.ro\/?post_type=product&#038;p=6389"},"modified":"2026-02-03T12:31:39","modified_gmt":"2026-02-03T09:31:39","slug":"sticla-violino-pentru-marturii-nunta-sau-botez-200ml","status":"publish","type":"product","link":"https:\/\/cocpack.ro\/index.php\/produs\/sticla-violino-pentru-marturii-nunta-sau-botez-200ml\/","title":{"rendered":"Sticla Violino pentru marturii nunta sau botez 200ml."},"content":{"rendered":"<p>Pentru iubitorii de muzica sau pentru cei care isi doresc o sticla deosebita pentru marturiile de nunta si botez, va oferim acest model de sticla cu o capacitate de 200ml , fara filet. Sticla pentru marturiile de nunta si botez este extrem de eleganta si va veti surprinde cu siguranta invitatii cand acestia o vor gasi in punga de nunta alaturi de cutia de prajituri sau marturiile alese.<\/p>\n<p>\u2757Sticla este din sticla transparenta.<\/p>\n<p>Pentru un plus de stil puteti sa o personalizati cu o eticheta de carton cu numele mirilor sau cu o panglica eleganta.<\/p>\n<p>Gasiti si capace potrivite pentru aceasta sticla de nunta sau botez in oferta noastra.<\/p>\n","protected":false},"excerpt":{"rendered":"<p>V\u0103 rug\u0103m s\u0103 nu uita\u021bi s\u0103 ad\u0103uga\u021bi dopuri \u0219i eticheta personalizat\u0103 separat dup\u0103 ce a\u021bi ad\u0103ugat sticlele \u00een co\u0219.<\/p>\n<ul>\n<li>Pentru a selecta dopurile apasati <strong><a href=\"https:\/\/cocpack.ro\/index.php\/categorie-produs\/sticle-de-marturii\/accesorii-sticle\/dopuri-pentru-sticle\/\">aici.<\/a><\/strong><\/li>\n<li>Pentru a selecta etichetele apasati <strong><a href=\"https:\/\/cocpack.ro\/index.php\/categorie-produs\/sticle-de-marturii\/accesorii-sticle\/etichete-pentru-sticle\/\">aici<\/a>.<\/strong><\/li>\n<\/ul>\n","protected":false},"featured_media":6390,"comment_status":"open","ping_status":"closed","template":"","meta":[],"product_brand":[],"product_cat":[94],"product_tag":[],"class_list":{"0":"post-6389","1":"product","2":"type-product","3":"status-publish","4":"has-post-thumbnail","6":"product_cat-sticle-200-250-ml","8":"first","9":"instock","10":"shipping-taxable","11":"purchasable","12":"product-type-simple"},"_links":{"self":[{"href":"https:\/\/cocpack.ro\/index.php\/wp-json\/wp\/v2\/product\/6389","targetHints":{"allow":["GET"]}}],"collection":[{"href":"https:\/\/cocpack.ro\/index.php\/wp-json\/wp\/v2\/product"}],"about":[{"href":"https:\/\/cocpack.ro\/index.php\/wp-json\/wp\/v2\/types\/product"}],"replies":[{"embeddable":true,"href":"https:\/\/cocpack.ro\/index.php\/wp-json\/wp\/v2\/comments?post=6389"}],"wp:featuredmedia":[{"embeddable":true,"href":"https:\/\/cocpack.ro\/index.php\/wp-json\/wp\/v2\/media\/6390"}],"wp:attachment":[{"href":"https:\/\/cocpack.ro\/index.php\/wp-json\/wp\/v2\/media?parent=6389"}],"wp:term":[{"taxonomy":"product_brand","embeddable":true,"href":"https:\/\/cocpack.ro\/index.php\/wp-json\/wp\/v2\/product_brand?post=6389"},{"taxonomy":"product_cat","embeddable":true,"href":"https:\/\/cocpack.ro\/index.php\/wp-json\/wp\/v2\/product_cat?post=6389"},{"taxonomy":"product_tag","embeddable":true,"href":"https:\/\/cocpack.ro\/index.php\/wp-json\/wp\/v2\/product_tag?post=6389"}],"curies":[{"name":"wp","href":"https:\/\/api.w.org\/{rel}","templated":true}]}}