{"id":6531,"date":"2024-12-19T14:37:41","date_gmt":"2024-12-19T11:37:41","guid":{"rendered":"https:\/\/cocpack.ro\/?post_type=product&#038;p=6531"},"modified":"2026-03-05T19:49:29","modified_gmt":"2026-03-05T16:49:29","slug":"sticla-marturii-plomari-fara-filet200-ml","status":"publish","type":"product","link":"https:\/\/cocpack.ro\/index.php\/produs\/sticla-marturii-plomari-fara-filet200-ml\/","title":{"rendered":"Sticla Marturii Plomari, fara filet,200 ml."},"content":{"rendered":"<p>Descoper\u0103 sticlele de 200 ml Plomari \u2013 alegerea perfect\u0103 pentru m\u0103rturii \u0219i siropuri! Aceste sticle elegante nu sunt doar recipiente, ci adev\u0103rate declara\u021bii de stil \u0219i rafinament.<\/p>\n<p>Sticlele Plomari \u00ee\u021bi permit s\u0103 creezi amintiri unice pentru invita\u021bii t\u0103i. Cu un design sofisticat \u0219i un dop de plut\u0103 natural, aceste sticle adaug\u0103 o not\u0103 de elegan\u021b\u0103 oric\u0103rui eveniment. Fie c\u0103 organizezi o nunt\u0103, un botez sau o petrecere aniversar\u0103, sticlele Plomari vor fi detaliul care face diferen\u021ba. Capacele se achizi\u0163ioneaz\u0103 separat, acestea nu sunt incluse \u00een pre\u0163!<\/p>\n<p>Nu l\u0103sa detaliile la voia \u00eent\u00e2mpl\u0103rii! Alege sticlele de 200 ml Plomari pentru m\u0103rturii \u0219i siropuri care vor r\u0103m\u00e2ne \u00een amintirea tuturor. Comand\u0103 acum \u0219i asigur\u0103-te c\u0103 evenimentul t\u0103u este cu adev\u0103rat special!<\/p>\n","protected":false},"excerpt":{"rendered":"<p>V\u0103 rug\u0103m s\u0103 nu uita\u021bi s\u0103 ad\u0103uga\u021bi dopuri \u0219i eticheta personalizat\u0103 separat dup\u0103 ce a\u021bi ad\u0103ugat sticlele \u00een co\u0219.<\/p>\n<ul>\n<li>Pentru a selecta dopurile apasati <strong><a href=\"https:\/\/cocpack.ro\/index.php\/categorie-produs\/sticle-de-marturii\/accesorii-sticle\/dopuri-pentru-sticle\/\">aici.<\/a><\/strong><\/li>\n<li>Pentru a selecta etichetele apasati <strong><a href=\"https:\/\/cocpack.ro\/index.php\/categorie-produs\/sticle-de-marturii\/accesorii-sticle\/etichete-pentru-sticle\/\">aici<\/a>.<\/strong><\/li>\n<\/ul>\n","protected":false},"featured_media":6532,"comment_status":"open","ping_status":"closed","template":"","meta":[],"product_brand":[],"product_cat":[94],"product_tag":[],"class_list":{"0":"post-6531","1":"product","2":"type-product","3":"status-publish","4":"has-post-thumbnail","6":"product_cat-sticle-200-250-ml","8":"first","9":"instock","10":"shipping-taxable","11":"purchasable","12":"product-type-simple"},"_links":{"self":[{"href":"https:\/\/cocpack.ro\/index.php\/wp-json\/wp\/v2\/product\/6531","targetHints":{"allow":["GET"]}}],"collection":[{"href":"https:\/\/cocpack.ro\/index.php\/wp-json\/wp\/v2\/product"}],"about":[{"href":"https:\/\/cocpack.ro\/index.php\/wp-json\/wp\/v2\/types\/product"}],"replies":[{"embeddable":true,"href":"https:\/\/cocpack.ro\/index.php\/wp-json\/wp\/v2\/comments?post=6531"}],"wp:featuredmedia":[{"embeddable":true,"href":"https:\/\/cocpack.ro\/index.php\/wp-json\/wp\/v2\/media\/6532"}],"wp:attachment":[{"href":"https:\/\/cocpack.ro\/index.php\/wp-json\/wp\/v2\/media?parent=6531"}],"wp:term":[{"taxonomy":"product_brand","embeddable":true,"href":"https:\/\/cocpack.ro\/index.php\/wp-json\/wp\/v2\/product_brand?post=6531"},{"taxonomy":"product_cat","embeddable":true,"href":"https:\/\/cocpack.ro\/index.php\/wp-json\/wp\/v2\/product_cat?post=6531"},{"taxonomy":"product_tag","embeddable":true,"href":"https:\/\/cocpack.ro\/index.php\/wp-json\/wp\/v2\/product_tag?post=6531"}],"curies":[{"name":"wp","href":"https:\/\/api.w.org\/{rel}","templated":true}]}}