{"id":6595,"date":"2024-12-25T22:33:38","date_gmt":"2024-12-25T19:33:38","guid":{"rendered":"https:\/\/cocpack.ro\/?post_type=product&#038;p=6595"},"modified":"2026-03-02T22:02:10","modified_gmt":"2026-03-02T19:02:10","slug":"set-marturii-m447-set-2","status":"publish","type":"product","link":"https:\/\/cocpack.ro\/index.php\/produs\/set-marturii-m447-set-2\/","title":{"rendered":"Set Marturii COCPACK: M447, Set 2"},"content":{"rendered":"<p>Acest set excep\u021bional include pungi, cutii cu pr\u0103jituri (200g) \u0219i sticle transparente cu dop de plut\u0103, iar fiecare dintre ele vine \u00eenso\u021bit de o etichet\u0103 personalizat\u0103, ad\u0103ug\u00e2nd un touch unic \u0219i intim evenimentului vostru special. Cu cele cinci articole incluse, acest set devine o achizi\u021bie avantajoas\u0103, reu\u0219ind s\u0103 creeze o atmosfer\u0103 de poveste \u00een jurul meselor \u0219i a momentelor de \u00eemp\u0103rt\u0103\u0219ire a dulciurilor delicioase.<\/p>\n","protected":false},"excerpt":{"rendered":"<p>Bine a\u021bi venit \u00eentr-o lume fermecat\u0103, unde povestea iubirii prinde via\u021b\u0103 prin colec\u021bia noastr\u0103 de seturi de pungi, cutii cu pr\u0103jituri \u0219i sticle transparente cu dop de plut\u0103! \u00cembr\u0103\u021bi\u0219\u00e2nd o elegan\u021b\u0103 desprins\u0103 din basme, acest set aduce un strop de magie oric\u0103rui eveniment special.<\/p>\n<p>Pe un fundal ce pare desprins dintr-un tablou de poveste, mirii se plimb\u0103 pe o promenad\u0103 \u00eenc\u00e2nt\u0103toare, \u00eenconjurat\u0103 de cl\u0103diri istorice ce eman\u0103 o aur\u0103 de rafinament \u0219i istorie. \u00cen preajma lor, un stol de p\u0103s\u0103ri c\u0103l\u0103toare danseaz\u0103 \u00een cerul \u00eenstelat, simboliz\u00e2nd libertatea \u0219i c\u0103l\u0103toria \u00eempreun\u0103 c\u0103tre un viitor plin de aventuri \u0219i bucurii.<\/p>\n","protected":false},"featured_media":6593,"comment_status":"open","ping_status":"closed","template":"","meta":[],"product_brand":[],"product_cat":[27],"product_tag":[],"class_list":{"0":"post-6595","1":"product","2":"type-product","3":"status-publish","4":"has-post-thumbnail","6":"product_cat-produse-la-set","8":"first","9":"instock","10":"shipping-taxable","11":"purchasable","12":"product-type-simple"},"_links":{"self":[{"href":"https:\/\/cocpack.ro\/index.php\/wp-json\/wp\/v2\/product\/6595","targetHints":{"allow":["GET"]}}],"collection":[{"href":"https:\/\/cocpack.ro\/index.php\/wp-json\/wp\/v2\/product"}],"about":[{"href":"https:\/\/cocpack.ro\/index.php\/wp-json\/wp\/v2\/types\/product"}],"replies":[{"embeddable":true,"href":"https:\/\/cocpack.ro\/index.php\/wp-json\/wp\/v2\/comments?post=6595"}],"wp:featuredmedia":[{"embeddable":true,"href":"https:\/\/cocpack.ro\/index.php\/wp-json\/wp\/v2\/media\/6593"}],"wp:attachment":[{"href":"https:\/\/cocpack.ro\/index.php\/wp-json\/wp\/v2\/media?parent=6595"}],"wp:term":[{"taxonomy":"product_brand","embeddable":true,"href":"https:\/\/cocpack.ro\/index.php\/wp-json\/wp\/v2\/product_brand?post=6595"},{"taxonomy":"product_cat","embeddable":true,"href":"https:\/\/cocpack.ro\/index.php\/wp-json\/wp\/v2\/product_cat?post=6595"},{"taxonomy":"product_tag","embeddable":true,"href":"https:\/\/cocpack.ro\/index.php\/wp-json\/wp\/v2\/product_tag?post=6595"}],"curies":[{"name":"wp","href":"https:\/\/api.w.org\/{rel}","templated":true}]}}