{"id":6615,"date":"2025-01-03T17:02:43","date_gmt":"2025-01-03T14:02:43","guid":{"rendered":"https:\/\/cocpack.ro\/?post_type=product&#038;p=6615"},"modified":"2026-03-02T11:48:39","modified_gmt":"2026-03-02T08:48:39","slug":"pungi-nunta-si-botezvarii-marimi-m-l","status":"publish","type":"product","link":"https:\/\/cocpack.ro\/index.php\/produs\/pungi-nunta-si-botezvarii-marimi-m-l\/","title":{"rendered":"PUNGI NUNTA SI BOTEZ,VARII MARIMI M-L."},"content":{"rendered":"<p>Fabricate din h\u00e2rtie kraft, pungile sunt suficient de rezistente pentru a \u021bine diverse m\u0103rturii cum ar fi sticlu\u0163a \u015fi cutii de pr\u0103jituri sau chiar un borc\u0103na\u015f cu miere.<\/p>\n<p>Potrivite \u0219i pentru anivers\u0103ri, nun\u0163i, botezuri sau alte ocazii festive unde se dore\u0219te un gest de apreciere.<\/p>\n<p>Aceste pungi nu sunt doar atr\u0103g\u0103toare, ci \u0219i func\u021bionale, fiind o op\u021biune perfect\u0103 pentru a \u00eemp\u0103rt\u0103\u0219i momente speciale cu cei dragi.<\/p>\n","protected":false},"excerpt":{"rendered":"<p>Aceste pungi elegante marimile M-L sunt ideale pentru nun\u021bi, av\u00e2nd un design floral rafinat \u0219i un chenar auriu str\u0103lucitor. Mesajul standard \u201eThank You\u201d adaug\u0103 o not\u0103 de apreciere \u0219i recuno\u0219tin\u021b\u0103 pentru invita\u021bi.<\/p>\n","protected":false},"featured_media":6618,"comment_status":"open","ping_status":"closed","template":"","meta":[],"product_brand":[],"product_cat":[355,83],"product_tag":[],"class_list":{"0":"post-6615","1":"product","2":"type-product","3":"status-publish","4":"has-post-thumbnail","6":"product_cat-promotii","7":"product_cat-pungi-marturii","9":"first","10":"instock","11":"sale","12":"shipping-taxable","13":"purchasable","14":"product-type-variable"},"_links":{"self":[{"href":"https:\/\/cocpack.ro\/index.php\/wp-json\/wp\/v2\/product\/6615","targetHints":{"allow":["GET"]}}],"collection":[{"href":"https:\/\/cocpack.ro\/index.php\/wp-json\/wp\/v2\/product"}],"about":[{"href":"https:\/\/cocpack.ro\/index.php\/wp-json\/wp\/v2\/types\/product"}],"replies":[{"embeddable":true,"href":"https:\/\/cocpack.ro\/index.php\/wp-json\/wp\/v2\/comments?post=6615"}],"wp:featuredmedia":[{"embeddable":true,"href":"https:\/\/cocpack.ro\/index.php\/wp-json\/wp\/v2\/media\/6618"}],"wp:attachment":[{"href":"https:\/\/cocpack.ro\/index.php\/wp-json\/wp\/v2\/media?parent=6615"}],"wp:term":[{"taxonomy":"product_brand","embeddable":true,"href":"https:\/\/cocpack.ro\/index.php\/wp-json\/wp\/v2\/product_brand?post=6615"},{"taxonomy":"product_cat","embeddable":true,"href":"https:\/\/cocpack.ro\/index.php\/wp-json\/wp\/v2\/product_cat?post=6615"},{"taxonomy":"product_tag","embeddable":true,"href":"https:\/\/cocpack.ro\/index.php\/wp-json\/wp\/v2\/product_tag?post=6615"}],"curies":[{"name":"wp","href":"https:\/\/api.w.org\/{rel}","templated":true}]}}