{"id":6619,"date":"2025-01-03T17:09:28","date_gmt":"2025-01-03T14:09:28","guid":{"rendered":"https:\/\/cocpack.ro\/?post_type=product&#038;p=6619"},"modified":"2025-12-09T17:24:13","modified_gmt":"2025-12-09T14:24:13","slug":"6619","status":"publish","type":"product","link":"https:\/\/cocpack.ro\/index.php\/produs\/6619\/","title":{"rendered":"Punga simpla cu motive Florale!"},"content":{"rendered":"<p>Aduce\u021bi o not\u0103 elegant\u0103 evenimentului dumneavoastr\u0103 cu aceste pungi, iar amintirile create vor r\u0103m\u00e2ne la fel de frumoase precum ambalajul lor.<\/p>\n","protected":false},"excerpt":{"rendered":"<p>V\u0103 prezent\u0103m pungile noastre de m\u0103rturii, cu design floral \u00een tonuri albastre, alb, maro \u015fi auriu. Aceste pungi florale sunt o expresie a elegan\u021bei. Pungile sunt ideale pentru a \u00eenm\u00e2na invita\u0163ilor m\u0103rturiile voastre.<\/p>\n","protected":false},"featured_media":6620,"comment_status":"open","ping_status":"closed","template":"","meta":[],"product_brand":[],"product_cat":[83],"product_tag":[],"class_list":{"0":"post-6619","1":"product","2":"type-product","3":"status-publish","4":"has-post-thumbnail","6":"product_cat-pungi-marturii","8":"first","9":"outofstock","10":"shipping-taxable","11":"purchasable","12":"product-type-simple"},"_links":{"self":[{"href":"https:\/\/cocpack.ro\/index.php\/wp-json\/wp\/v2\/product\/6619","targetHints":{"allow":["GET"]}}],"collection":[{"href":"https:\/\/cocpack.ro\/index.php\/wp-json\/wp\/v2\/product"}],"about":[{"href":"https:\/\/cocpack.ro\/index.php\/wp-json\/wp\/v2\/types\/product"}],"replies":[{"embeddable":true,"href":"https:\/\/cocpack.ro\/index.php\/wp-json\/wp\/v2\/comments?post=6619"}],"wp:featuredmedia":[{"embeddable":true,"href":"https:\/\/cocpack.ro\/index.php\/wp-json\/wp\/v2\/media\/6620"}],"wp:attachment":[{"href":"https:\/\/cocpack.ro\/index.php\/wp-json\/wp\/v2\/media?parent=6619"}],"wp:term":[{"taxonomy":"product_brand","embeddable":true,"href":"https:\/\/cocpack.ro\/index.php\/wp-json\/wp\/v2\/product_brand?post=6619"},{"taxonomy":"product_cat","embeddable":true,"href":"https:\/\/cocpack.ro\/index.php\/wp-json\/wp\/v2\/product_cat?post=6619"},{"taxonomy":"product_tag","embeddable":true,"href":"https:\/\/cocpack.ro\/index.php\/wp-json\/wp\/v2\/product_tag?post=6619"}],"curies":[{"name":"wp","href":"https:\/\/api.w.org\/{rel}","templated":true}]}}