{"id":6871,"date":"2025-02-25T17:39:17","date_gmt":"2025-02-25T14:39:17","guid":{"rendered":"https:\/\/cocpack.ro\/?post_type=product&#038;p=6871"},"modified":"2025-09-05T03:46:48","modified_gmt":"2025-09-05T00:46:48","slug":"sticla-larisa200-mlcapaceticheta-personalizata-pretul-este-pentru-toate-trei-incluse","status":"publish","type":"product","link":"https:\/\/cocpack.ro\/index.php\/produs\/sticla-larisa200-mlcapaceticheta-personalizata-pretul-este-pentru-toate-trei-incluse\/","title":{"rendered":"Sticla Larisa(200 ML)+Capac+Eticheta Personalizata."},"content":{"rendered":"","protected":false},"excerpt":{"rendered":"<p>Setul de m\u0103rturii este compus din sticle elegant de 200 ml, perfect pentru a fi umplute cu vin,tuica sau alte lichide.<\/p>\n<p>Sticlele nu au filet, oferind un aspect curat \u0219i modern.<\/p>\n<p>Dopurile de plut\u0103 cu asigur\u0103ri o \u00eenchidere etan\u0219\u0103, iar eticheta personalizabil\u0103 completeaz\u0103 aspectul festiv.<\/p>\n<p>Ideal pentru nun\u021bi, botezuri sau alte evenimente speciale.FUNDITA NU ESTE INCLUSA IN PRET!<\/p>\n","protected":false},"featured_media":6872,"comment_status":"open","ping_status":"closed","template":"","meta":[],"product_brand":[],"product_cat":[27],"product_tag":[],"class_list":{"0":"post-6871","1":"product","2":"type-product","3":"status-publish","4":"has-post-thumbnail","6":"product_cat-produse-la-set","8":"first","9":"instock","10":"shipping-taxable","11":"purchasable","12":"product-type-simple"},"_links":{"self":[{"href":"https:\/\/cocpack.ro\/index.php\/wp-json\/wp\/v2\/product\/6871","targetHints":{"allow":["GET"]}}],"collection":[{"href":"https:\/\/cocpack.ro\/index.php\/wp-json\/wp\/v2\/product"}],"about":[{"href":"https:\/\/cocpack.ro\/index.php\/wp-json\/wp\/v2\/types\/product"}],"replies":[{"embeddable":true,"href":"https:\/\/cocpack.ro\/index.php\/wp-json\/wp\/v2\/comments?post=6871"}],"wp:featuredmedia":[{"embeddable":true,"href":"https:\/\/cocpack.ro\/index.php\/wp-json\/wp\/v2\/media\/6872"}],"wp:attachment":[{"href":"https:\/\/cocpack.ro\/index.php\/wp-json\/wp\/v2\/media?parent=6871"}],"wp:term":[{"taxonomy":"product_brand","embeddable":true,"href":"https:\/\/cocpack.ro\/index.php\/wp-json\/wp\/v2\/product_brand?post=6871"},{"taxonomy":"product_cat","embeddable":true,"href":"https:\/\/cocpack.ro\/index.php\/wp-json\/wp\/v2\/product_cat?post=6871"},{"taxonomy":"product_tag","embeddable":true,"href":"https:\/\/cocpack.ro\/index.php\/wp-json\/wp\/v2\/product_tag?post=6871"}],"curies":[{"name":"wp","href":"https:\/\/api.w.org\/{rel}","templated":true}]}}