{"id":6873,"date":"2025-02-25T17:47:14","date_gmt":"2025-02-25T14:47:14","guid":{"rendered":"https:\/\/cocpack.ro\/?post_type=product&#038;p=6873"},"modified":"2026-03-05T19:23:35","modified_gmt":"2026-03-05T16:23:35","slug":"sticla-ploscutra100-mlcapaceticheta-personalizata-pretul-este-pentru-toate-trei-incluse","status":"publish","type":"product","link":"https:\/\/cocpack.ro\/index.php\/produs\/sticla-ploscutra100-mlcapaceticheta-personalizata-pretul-este-pentru-toate-trei-incluse\/","title":{"rendered":"Sticla Ploscuta(100 ML)+Capac+Eticheta Personalizata."},"content":{"rendered":"<p>Setul include:<\/p>\n<p>Sticle tip plosc\u0103 de 100 ml: Sticlele au o form\u0103 compact\u0103 \u0219i sunt fabricate din sticl\u0103 transparent\u0103 de \u00eenalt\u0103 calitate, permi\u021b\u00e2nd vizualizarea con\u021binutului.<br \/>\nCapace cu filet: Capacele asigur\u0103 o \u00eenchidere etan\u0219\u0103, men\u021bin\u00e2nd prospe\u021bimea lichidului din interior.<br \/>\nEtichete personalizabile: Etichetele pot fi personalizate cu un mesaj special, numele mirilor sau un design care s\u0103 se potriveasc\u0103 cu tema evenimentului.<br \/>\nAcest set este o alegere excelent\u0103 pentru a oferi invita\u021bii sau m\u0103rturie original\u0103 \u0219i util\u0103, care s\u0103 le aminteasc\u0103 de evenimentul dumneavoastr\u0103 special.<\/p>\n","protected":false},"excerpt":{"rendered":"<p>Setul de m\u0103rturii include:Sticle-Ploscuta-100ml,Capac cu filet si Eticheta5S perfect pentru a fi umplute cu diverse lichide, cum ar fi vin, \u021buic\u0103, sau alte produse. Sticlele au un design elegant \u0219i sunt ideale pentru a fi oferit ca m\u0103rturii la nun\u021bi, botezuri sau alte evenimente speciale.<\/p>\n","protected":false},"featured_media":6874,"comment_status":"open","ping_status":"closed","template":"","meta":[],"product_brand":[],"product_cat":[27],"product_tag":[],"class_list":{"0":"post-6873","1":"product","2":"type-product","3":"status-publish","4":"has-post-thumbnail","6":"product_cat-produse-la-set","8":"first","9":"instock","10":"shipping-taxable","11":"purchasable","12":"product-type-simple"},"_links":{"self":[{"href":"https:\/\/cocpack.ro\/index.php\/wp-json\/wp\/v2\/product\/6873","targetHints":{"allow":["GET"]}}],"collection":[{"href":"https:\/\/cocpack.ro\/index.php\/wp-json\/wp\/v2\/product"}],"about":[{"href":"https:\/\/cocpack.ro\/index.php\/wp-json\/wp\/v2\/types\/product"}],"replies":[{"embeddable":true,"href":"https:\/\/cocpack.ro\/index.php\/wp-json\/wp\/v2\/comments?post=6873"}],"wp:featuredmedia":[{"embeddable":true,"href":"https:\/\/cocpack.ro\/index.php\/wp-json\/wp\/v2\/media\/6874"}],"wp:attachment":[{"href":"https:\/\/cocpack.ro\/index.php\/wp-json\/wp\/v2\/media?parent=6873"}],"wp:term":[{"taxonomy":"product_brand","embeddable":true,"href":"https:\/\/cocpack.ro\/index.php\/wp-json\/wp\/v2\/product_brand?post=6873"},{"taxonomy":"product_cat","embeddable":true,"href":"https:\/\/cocpack.ro\/index.php\/wp-json\/wp\/v2\/product_cat?post=6873"},{"taxonomy":"product_tag","embeddable":true,"href":"https:\/\/cocpack.ro\/index.php\/wp-json\/wp\/v2\/product_tag?post=6873"}],"curies":[{"name":"wp","href":"https:\/\/api.w.org\/{rel}","templated":true}]}}