{"id":6875,"date":"2025-02-25T17:53:30","date_gmt":"2025-02-25T14:53:30","guid":{"rendered":"https:\/\/cocpack.ro\/?post_type=product&#038;p=6875"},"modified":"2026-03-02T22:15:38","modified_gmt":"2026-03-02T19:15:38","slug":"sticla-freia250-mlcapaceticheta-personalizata-pretul-este-pentru-toate-trei-incluse","status":"publish","type":"product","link":"https:\/\/cocpack.ro\/index.php\/produs\/sticla-freia250-mlcapaceticheta-personalizata-pretul-este-pentru-toate-trei-incluse\/","title":{"rendered":"Sticla Freia(250 ML)+Capac+Eticheta Personalizata."},"content":{"rendered":"<p>Sticle Freia 250 ml: Sticlele Freia se remarc\u0103 prin forma lor distinctiv\u0103 \u0219i elegant\u0103, ad\u0103ug\u00e2nd un plus de rafinament oric\u0103rui con\u021binut. Sticla transparent\u0103 permite o vizualizare clar\u0103 a lichidului din interior.<br \/>\nCapace argintii: Capacele argintii completeaz\u0103 aspectul sofisticat al sticlelor, oferind o \u00eenchidere sigur\u0103 \u0219i etan\u0219\u0103. Culoarea argintie se potrive\u0219te perfect cu designul sticlelor Freia.<br \/>\nEtichet\u0103 personalizabil\u0103: Eticheta inclus\u0103 poate fi personalizat\u0103 cu un design propriu, un mesaj special sau logo-ul evenimentului, ad\u0103ug\u00e2nd o not\u0103 personal\u0103 \u0219i memorabil\u0103.<br \/>\nAcest set este ideal pentru diverse ocazii.<\/p>\n","protected":false},"excerpt":{"rendered":"<p>Setul este compus din sticle Freia de 250 ml, cu un design rafinat, perfecte pentru a fi umplute cu b\u0103uturi fine sau alte lichide pre\u021bioase,dopul cu filet si eticheta personalizata cu motive florale si mesaje de multumire!Ideal pentru evenimente reusite si pline de emotii!!!<\/p>\n","protected":false},"featured_media":6876,"comment_status":"open","ping_status":"closed","template":"","meta":[],"product_brand":[],"product_cat":[27],"product_tag":[],"class_list":{"0":"post-6875","1":"product","2":"type-product","3":"status-publish","4":"has-post-thumbnail","6":"product_cat-produse-la-set","8":"first","9":"instock","10":"shipping-taxable","11":"purchasable","12":"product-type-simple"},"_links":{"self":[{"href":"https:\/\/cocpack.ro\/index.php\/wp-json\/wp\/v2\/product\/6875","targetHints":{"allow":["GET"]}}],"collection":[{"href":"https:\/\/cocpack.ro\/index.php\/wp-json\/wp\/v2\/product"}],"about":[{"href":"https:\/\/cocpack.ro\/index.php\/wp-json\/wp\/v2\/types\/product"}],"replies":[{"embeddable":true,"href":"https:\/\/cocpack.ro\/index.php\/wp-json\/wp\/v2\/comments?post=6875"}],"wp:featuredmedia":[{"embeddable":true,"href":"https:\/\/cocpack.ro\/index.php\/wp-json\/wp\/v2\/media\/6876"}],"wp:attachment":[{"href":"https:\/\/cocpack.ro\/index.php\/wp-json\/wp\/v2\/media?parent=6875"}],"wp:term":[{"taxonomy":"product_brand","embeddable":true,"href":"https:\/\/cocpack.ro\/index.php\/wp-json\/wp\/v2\/product_brand?post=6875"},{"taxonomy":"product_cat","embeddable":true,"href":"https:\/\/cocpack.ro\/index.php\/wp-json\/wp\/v2\/product_cat?post=6875"},{"taxonomy":"product_tag","embeddable":true,"href":"https:\/\/cocpack.ro\/index.php\/wp-json\/wp\/v2\/product_tag?post=6875"}],"curies":[{"name":"wp","href":"https:\/\/api.w.org\/{rel}","templated":true}]}}