{"id":6877,"date":"2025-02-25T18:00:30","date_gmt":"2025-02-25T15:00:30","guid":{"rendered":"https:\/\/cocpack.ro\/?post_type=product&#038;p=6877"},"modified":"2026-03-02T22:20:38","modified_gmt":"2026-03-02T19:20:38","slug":"sticla-runa200-mlcapaceticheta-personalizata-pretul-este-pentru-toate-trei-incluse","status":"publish","type":"product","link":"https:\/\/cocpack.ro\/index.php\/produs\/sticla-runa200-mlcapaceticheta-personalizata-pretul-este-pentru-toate-trei-incluse\/","title":{"rendered":"Sticla Runa(200 ML)+Capac+Eticheta Personalizata!"},"content":{"rendered":"<p>Sticlele Runa de 200 ml sunt fabricate din sticl\u0103 transparent\u0103 de \u00eenalt\u0103 calitate, av\u00e2nd o form\u0103 rafinat\u0103 \u0219i un design modern. Acestea sunt ideale pentru a fi umplute cu diverse lichide, cum ar fi vin, ulei, parfum sau alte esen\u021be pre\u021bioase.<\/p>\n<p>Capacele aurii adaug\u0103 un plus de elegan\u021b\u0103 \u0219i rafinament sticlelor, complet\u00e2nd perfect aspectul romantic al setului.<\/p>\n<p>Eticheta personalizabil\u0103 ofer\u0103 posibilitatea de a ad\u0103uga un mesaj special pentru invita\u021bi, cum ar fi numele mirilor, data evenimentului sau o urare deosebit\u0103. Pute\u021bi alege un design romantic, cu motive florale, inimioare sau alte simboluri ale dragostei.<\/p>\n","protected":false},"excerpt":{"rendered":"<p>Setul romantic de m\u0103rturii Sticle-Runa-200 ml cu Capac gold si Eticheta 1S este alegerea perfect\u0103 pentru a oferi invita\u021bilor o amintire elegant\u0103 \u0219i personalizat\u0103 de la evenimentul t\u0103u special.Acest set de m\u0103rturii este ideal pentru a fi oferit la nun\u021bi, botezuri, anivers\u0103ri sau alte evenimente speciale, aduc\u00e2nd un plus de farmec \u0219i originalitate.<\/p>\n","protected":false},"featured_media":6878,"comment_status":"open","ping_status":"closed","template":"","meta":[],"product_brand":[],"product_cat":[27],"product_tag":[],"class_list":{"0":"post-6877","1":"product","2":"type-product","3":"status-publish","4":"has-post-thumbnail","6":"product_cat-produse-la-set","8":"first","9":"instock","10":"shipping-taxable","11":"purchasable","12":"product-type-simple"},"_links":{"self":[{"href":"https:\/\/cocpack.ro\/index.php\/wp-json\/wp\/v2\/product\/6877","targetHints":{"allow":["GET"]}}],"collection":[{"href":"https:\/\/cocpack.ro\/index.php\/wp-json\/wp\/v2\/product"}],"about":[{"href":"https:\/\/cocpack.ro\/index.php\/wp-json\/wp\/v2\/types\/product"}],"replies":[{"embeddable":true,"href":"https:\/\/cocpack.ro\/index.php\/wp-json\/wp\/v2\/comments?post=6877"}],"wp:featuredmedia":[{"embeddable":true,"href":"https:\/\/cocpack.ro\/index.php\/wp-json\/wp\/v2\/media\/6878"}],"wp:attachment":[{"href":"https:\/\/cocpack.ro\/index.php\/wp-json\/wp\/v2\/media?parent=6877"}],"wp:term":[{"taxonomy":"product_brand","embeddable":true,"href":"https:\/\/cocpack.ro\/index.php\/wp-json\/wp\/v2\/product_brand?post=6877"},{"taxonomy":"product_cat","embeddable":true,"href":"https:\/\/cocpack.ro\/index.php\/wp-json\/wp\/v2\/product_cat?post=6877"},{"taxonomy":"product_tag","embeddable":true,"href":"https:\/\/cocpack.ro\/index.php\/wp-json\/wp\/v2\/product_tag?post=6877"}],"curies":[{"name":"wp","href":"https:\/\/api.w.org\/{rel}","templated":true}]}}