{"id":6888,"date":"2025-02-27T15:37:43","date_gmt":"2025-02-27T12:37:43","guid":{"rendered":"https:\/\/cocpack.ro\/?post_type=product&#038;p=6888"},"modified":"2026-03-02T22:17:40","modified_gmt":"2026-03-02T19:17:40","slug":"sticla-ikona250-mlcapaceticheta-personalizata-pretul-este-pentru-toate-trei-incluse","status":"publish","type":"product","link":"https:\/\/cocpack.ro\/index.php\/produs\/sticla-ikona250-mlcapaceticheta-personalizata-pretul-este-pentru-toate-trei-incluse\/","title":{"rendered":"Sticla Ikona(250 ML)+Capac+Eticheta Personalizata."},"content":{"rendered":"<p>Acest set con\u021bine:<\/p>\n<p>Sticle Ikona de 250 ml: Sticlele au o form\u0103 conic\u0103 distinctiv\u0103, perfect\u0103 pentru a fi personalizate \u0219i umplute cu diverse lichide.<br \/>\nDopuri de plut\u0103 conice: Dopurile sunt fabricate din plut\u0103 natural\u0103, un material ecologic \u0219i sigur pentru contactul cu alimentele. Forma conic\u0103 asigur\u0103 o \u00eenchidere etan\u0219\u0103, men\u021bin\u00e2nd prospe\u021bimea con\u021binutului.<br \/>\nEtichete: Etichetele sunt realizate dintr-un material rezistent \u0219i pot fi personalizate cu un design amuzant sau cu un mesaj special pentru invita\u021bi.<\/p>\n","protected":false},"excerpt":{"rendered":"<p>Setul de m\u0103rturii Sticle-Ikona-250_x_Dop-pluta-conic-23-19-33_x_Eticheta3S este o alegere original\u0103 \u0219i amuzant\u0103 pentru a oferi invita\u021bilor o amintire special\u0103 de la evenimentul t\u0103u.<\/p>\n","protected":false},"featured_media":6889,"comment_status":"open","ping_status":"closed","template":"","meta":[],"product_brand":[],"product_cat":[27,355],"product_tag":[],"class_list":{"0":"post-6888","1":"product","2":"type-product","3":"status-publish","4":"has-post-thumbnail","6":"product_cat-produse-la-set","7":"product_cat-promotii","9":"first","10":"instock","11":"sale","12":"shipping-taxable","13":"purchasable","14":"product-type-simple"},"_links":{"self":[{"href":"https:\/\/cocpack.ro\/index.php\/wp-json\/wp\/v2\/product\/6888","targetHints":{"allow":["GET"]}}],"collection":[{"href":"https:\/\/cocpack.ro\/index.php\/wp-json\/wp\/v2\/product"}],"about":[{"href":"https:\/\/cocpack.ro\/index.php\/wp-json\/wp\/v2\/types\/product"}],"replies":[{"embeddable":true,"href":"https:\/\/cocpack.ro\/index.php\/wp-json\/wp\/v2\/comments?post=6888"}],"wp:featuredmedia":[{"embeddable":true,"href":"https:\/\/cocpack.ro\/index.php\/wp-json\/wp\/v2\/media\/6889"}],"wp:attachment":[{"href":"https:\/\/cocpack.ro\/index.php\/wp-json\/wp\/v2\/media?parent=6888"}],"wp:term":[{"taxonomy":"product_brand","embeddable":true,"href":"https:\/\/cocpack.ro\/index.php\/wp-json\/wp\/v2\/product_brand?post=6888"},{"taxonomy":"product_cat","embeddable":true,"href":"https:\/\/cocpack.ro\/index.php\/wp-json\/wp\/v2\/product_cat?post=6888"},{"taxonomy":"product_tag","embeddable":true,"href":"https:\/\/cocpack.ro\/index.php\/wp-json\/wp\/v2\/product_tag?post=6888"}],"curies":[{"name":"wp","href":"https:\/\/api.w.org\/{rel}","templated":true}]}}