{"id":7121,"date":"2025-04-02T22:06:16","date_gmt":"2025-04-02T19:06:16","guid":{"rendered":"https:\/\/cocpack.ro\/?post_type=product&#038;p=7121"},"modified":"2026-03-26T18:21:48","modified_gmt":"2026-03-26T15:21:48","slug":"set-7-coc-pack-design-floral5-produse-incluse-in-pachet","status":"publish","type":"product","link":"https:\/\/cocpack.ro\/index.php\/produs\/set-7-coc-pack-design-floral5-produse-incluse-in-pachet\/","title":{"rendered":"Set 7 Coc Pack Design Floral(5 Produse Incluse in Pachet)."},"content":{"rendered":"<p>Set Elegant Coc Pack cu Design Floral.<br \/>\nExplora\u021bi rafinamentul \u0219i elegan\u021ba oferite de acest set Coc Pack, ideal pentru ocazii speciale. Acesta include o cutie spa\u021bioas\u0103 ce con\u021bine:<\/p>\n<p>Sticle de 200 ml: Perfecte pentru m\u0103rturii.<br \/>\nCapace \u0219i Etichete: Pentru o personalizare \u0219i sigilare corespunz\u0103toare.<br \/>\nCutie pentru Pr\u0103jituri de 200g: Ideal\u0103 pentru ambalarea \u0219i prezentarea pr\u0103jiturilor sau a altor dulciuri delicioase.<br \/>\nAcest set decorativ adaug\u0103 un plus de elegan\u021b\u0103 \u0219i armonie evenimentelor speciale, cum ar fi nun\u021bile, botezurile sau alte momente memorabile. Cutia mare este conceput\u0103 pentru a acomoda at\u00e2t sticlele de 200 ml, c\u00e2t \u0219i cutia pentru pr\u0103jituri, oferind o prezentare complet\u0103 \u0219i sofisticat\u0103.<\/p>\n<p>Caracteristici Principale:<\/p>\n<p>Cutie Generoas\u0103: Asigur\u0103 o organizare armonioas\u0103 a produselor.<br \/>\nEtichete Personalizabile: Faciliteaz\u0103 identificarea \u0219i adaug\u0103 un element personalizat fiec\u0103rei sticle.<br \/>\nVersatilitate: Cutia pentru pr\u0103jituri poate fi folosit\u0103 pentru diverse dulciuri, nu doar pr\u0103jituri.<br \/>\nAlege\u021bi elegan\u021ba \u0219i economia pentru a transforma momentele speciale \u00een amintiri de neuitat cu setul Coc Pack.Atentie:produsele din interiorul acestui pachet sunt valabile lunar in functie de pachetul promotional si de produsele alese de fabrica lunar!Daca se doreste din partea clientului schimbari de sticla sau cutie mica de prajitura acestea implica un cost separat de calcul individual pentru fiecare produs care se alege pentru schimbare!<\/p>\n","protected":false},"excerpt":{"rendered":"<p>Explora\u021bi rafinamentul \u0219i elegan\u021ba oferite de acest set Coc Pack, ideal pentru ocazii speciale. Acesta include o cutie spa\u021bioas\u0103 ce con\u021bine:<\/p>\n<p>Sticle de 200 ml: Perfecte pentru m\u0103rturii.<br \/>\nCapace \u0219i Etichete: Pentru o personalizare \u0219i sigilare corespunz\u0103toare.<br \/>\nCutie pentru Pr\u0103jituri de 200g: Ideal\u0103 pentru ambalarea \u0219i prezentarea pr\u0103jiturilor sau a altor dulciuri delicioase.<\/p>\n","protected":false},"featured_media":7122,"comment_status":"open","ping_status":"closed","template":"","meta":[],"product_brand":[],"product_cat":[27,355],"product_tag":[],"class_list":{"0":"post-7121","1":"product","2":"type-product","3":"status-publish","4":"has-post-thumbnail","6":"product_cat-produse-la-set","7":"product_cat-promotii","9":"first","10":"instock","11":"sale","12":"shipping-taxable","13":"purchasable","14":"product-type-simple"},"_links":{"self":[{"href":"https:\/\/cocpack.ro\/index.php\/wp-json\/wp\/v2\/product\/7121","targetHints":{"allow":["GET"]}}],"collection":[{"href":"https:\/\/cocpack.ro\/index.php\/wp-json\/wp\/v2\/product"}],"about":[{"href":"https:\/\/cocpack.ro\/index.php\/wp-json\/wp\/v2\/types\/product"}],"replies":[{"embeddable":true,"href":"https:\/\/cocpack.ro\/index.php\/wp-json\/wp\/v2\/comments?post=7121"}],"wp:featuredmedia":[{"embeddable":true,"href":"https:\/\/cocpack.ro\/index.php\/wp-json\/wp\/v2\/media\/7122"}],"wp:attachment":[{"href":"https:\/\/cocpack.ro\/index.php\/wp-json\/wp\/v2\/media?parent=7121"}],"wp:term":[{"taxonomy":"product_brand","embeddable":true,"href":"https:\/\/cocpack.ro\/index.php\/wp-json\/wp\/v2\/product_brand?post=7121"},{"taxonomy":"product_cat","embeddable":true,"href":"https:\/\/cocpack.ro\/index.php\/wp-json\/wp\/v2\/product_cat?post=7121"},{"taxonomy":"product_tag","embeddable":true,"href":"https:\/\/cocpack.ro\/index.php\/wp-json\/wp\/v2\/product_tag?post=7121"}],"curies":[{"name":"wp","href":"https:\/\/api.w.org\/{rel}","templated":true}]}}