{"id":7137,"date":"2025-04-07T21:00:22","date_gmt":"2025-04-07T18:00:22","guid":{"rendered":"https:\/\/cocpack.ro\/?post_type=product&#038;p=7137"},"modified":"2026-01-04T23:45:59","modified_gmt":"2026-01-04T20:45:59","slug":"sticle-marturii-amfora-cu-filet-200-ml","status":"publish","type":"product","link":"https:\/\/cocpack.ro\/index.php\/produs\/sticle-marturii-amfora-cu-filet-200-ml\/","title":{"rendered":"Sticle Marturii Amfora cu filet (200 ml)."},"content":{"rendered":"<p>Cu dimensiunile sale compacte, este perfect\u0103 pentru a fi oferit\u0103 ca suvenir sau pentru a completa aranjamentele decorului. Sticla transparent\u0103 de 200 ml va aduce o not\u0103 de str\u0103lucire \u0219i elegan\u021b\u0103 oric\u0103rui eveniment de nunt\u0103 sau botez.<\/p>\n<p>Pretul este exclusiv pentru sticla.<\/p>\n<p>Capacul, dopul, etichetele sau orice alte accesorii decorative se platesc separat.<\/p>\n<p>Nu uitati sa comandati etichetele si capacele!<\/p>\n","protected":false},"excerpt":{"rendered":"<p>Sticla transparent\u0103 de 200 ml este un simbol al purit\u0103\u021bii \u0219i solemnit\u0103\u021bii evenimentului vostru special. Culoarea sa clar\u0103 permite lumina s\u0103 p\u0103trund\u0103, eviden\u021biind lichidul pre\u021bios din interior \u2013 fie c\u0103 este vorba de \u0219ampanie, ap\u0103 sau suc. Aceast\u0103 sticl\u0103 elegant\u0103, cu contururi fine \u0219i finisaje impecabile, adaug\u0103 o not\u0103 de rafinament \u0219i delicate\u021be fiec\u0103rei mese festive.<\/p>\n","protected":false},"featured_media":7138,"comment_status":"open","ping_status":"closed","template":"","meta":[],"product_brand":[],"product_cat":[94],"product_tag":[],"class_list":{"0":"post-7137","1":"product","2":"type-product","3":"status-publish","4":"has-post-thumbnail","6":"product_cat-sticle-200-250-ml","8":"first","9":"instock","10":"shipping-taxable","11":"purchasable","12":"product-type-simple"},"_links":{"self":[{"href":"https:\/\/cocpack.ro\/index.php\/wp-json\/wp\/v2\/product\/7137","targetHints":{"allow":["GET"]}}],"collection":[{"href":"https:\/\/cocpack.ro\/index.php\/wp-json\/wp\/v2\/product"}],"about":[{"href":"https:\/\/cocpack.ro\/index.php\/wp-json\/wp\/v2\/types\/product"}],"replies":[{"embeddable":true,"href":"https:\/\/cocpack.ro\/index.php\/wp-json\/wp\/v2\/comments?post=7137"}],"wp:featuredmedia":[{"embeddable":true,"href":"https:\/\/cocpack.ro\/index.php\/wp-json\/wp\/v2\/media\/7138"}],"wp:attachment":[{"href":"https:\/\/cocpack.ro\/index.php\/wp-json\/wp\/v2\/media?parent=7137"}],"wp:term":[{"taxonomy":"product_brand","embeddable":true,"href":"https:\/\/cocpack.ro\/index.php\/wp-json\/wp\/v2\/product_brand?post=7137"},{"taxonomy":"product_cat","embeddable":true,"href":"https:\/\/cocpack.ro\/index.php\/wp-json\/wp\/v2\/product_cat?post=7137"},{"taxonomy":"product_tag","embeddable":true,"href":"https:\/\/cocpack.ro\/index.php\/wp-json\/wp\/v2\/product_tag?post=7137"}],"curies":[{"name":"wp","href":"https:\/\/api.w.org\/{rel}","templated":true}]}}