{"id":7250,"date":"2025-05-04T21:14:17","date_gmt":"2025-05-04T18:14:17","guid":{"rendered":"https:\/\/cocpack.ro\/?post_type=product&#038;p=7250"},"modified":"2026-03-02T11:49:42","modified_gmt":"2026-03-02T08:49:42","slug":"pungi-nunta-mirim-307","status":"publish","type":"product","link":"https:\/\/cocpack.ro\/index.php\/produs\/pungi-nunta-mirim-307\/","title":{"rendered":"Pungi Nunta Miri(M 307)."},"content":{"rendered":"<p>Caracteristici:<\/p>\n<p>Design unict: Punga este personalizat\u0103 cu un design special, modelul M307, care include imaginea mirilor \u00eentr-un cadru cu verdea\u021b\u0103. Acest design adaug\u0103 un plus de elegan\u021b\u0103 \u0219i originalitate pungii, transform\u00e2nd-o \u00eentr-o amintire pre\u021bioas\u0103 a evenimentului.<br \/>\nMaterial de calitate: Pungile sunt fabricate dintr-un material rezistent (120g\/mp) \u0219i durabil, ideal pentru a transporta mici cadouri, dulciuri, sau alte aten\u021bii pentru invita\u021bi. Materialul este ales pentru a oferi un aspect pl\u0103cut \u0219i o rezisten\u021b\u0103 \u00eendelungat\u0103.<br \/>\nVersatilitate: Pungile pot fi folosite pentru a oferi o varietate de cadouri, de la dulciuri \u0219i mici suveniruri, p\u00e2n\u0103 la produse cosmetice sau alte aten\u021bii.<br \/>\nDimensiune<br \/>\n21x11x27 cm.<\/p>\n","protected":false},"excerpt":{"rendered":"<p>Pungi de nunt\u0103 cu miri(M307).<\/p>\n<p>Ofer\u0103 invita\u021bilor t\u0103i o amintire elegant\u0103 \u0219i memorabil\u0103 de la nunta ta cu aceste pungi de nunt\u0103. Modelul M307 prezint\u0103 un design rafinat, cu mirii \u00eencadra\u021bi \u00eentr-un cadru \u00eenc\u00e2nt\u0103tor cu verdea\u021b\u0103, perfect pentru a celebra dragostea \u0219i uniunea voastr\u0103.<\/p>\n","protected":false},"featured_media":7251,"comment_status":"open","ping_status":"closed","template":"","meta":[],"product_brand":[],"product_cat":[21,83],"product_tag":[],"class_list":{"0":"post-7250","1":"product","2":"type-product","3":"status-publish","4":"has-post-thumbnail","6":"product_cat-pungi-de-nunta","7":"product_cat-pungi-marturii","9":"first","10":"instock","11":"shipping-taxable","12":"purchasable","13":"product-type-simple"},"_links":{"self":[{"href":"https:\/\/cocpack.ro\/index.php\/wp-json\/wp\/v2\/product\/7250","targetHints":{"allow":["GET"]}}],"collection":[{"href":"https:\/\/cocpack.ro\/index.php\/wp-json\/wp\/v2\/product"}],"about":[{"href":"https:\/\/cocpack.ro\/index.php\/wp-json\/wp\/v2\/types\/product"}],"replies":[{"embeddable":true,"href":"https:\/\/cocpack.ro\/index.php\/wp-json\/wp\/v2\/comments?post=7250"}],"wp:featuredmedia":[{"embeddable":true,"href":"https:\/\/cocpack.ro\/index.php\/wp-json\/wp\/v2\/media\/7251"}],"wp:attachment":[{"href":"https:\/\/cocpack.ro\/index.php\/wp-json\/wp\/v2\/media?parent=7250"}],"wp:term":[{"taxonomy":"product_brand","embeddable":true,"href":"https:\/\/cocpack.ro\/index.php\/wp-json\/wp\/v2\/product_brand?post=7250"},{"taxonomy":"product_cat","embeddable":true,"href":"https:\/\/cocpack.ro\/index.php\/wp-json\/wp\/v2\/product_cat?post=7250"},{"taxonomy":"product_tag","embeddable":true,"href":"https:\/\/cocpack.ro\/index.php\/wp-json\/wp\/v2\/product_tag?post=7250"}],"curies":[{"name":"wp","href":"https:\/\/api.w.org\/{rel}","templated":true}]}}