{"id":7294,"date":"2025-06-01T12:35:11","date_gmt":"2025-06-01T09:35:11","guid":{"rendered":"https:\/\/cocpack.ro\/?post_type=product&#038;p=7294"},"modified":"2026-01-04T23:56:35","modified_gmt":"2026-01-04T20:56:35","slug":"pungi-nunta-marimea-s1-roz","status":"publish","type":"product","link":"https:\/\/cocpack.ro\/index.php\/produs\/pungi-nunta-marimea-s1-roz\/","title":{"rendered":"Pungi nunta marimea S1 roz!"},"content":{"rendered":"<p>Designul simplu \u0219i elegant le face potrivite pentru a fi personalizat cu u\u0219urin\u021b\u0103, ad\u0103ug\u00e2nd un element distinctiv evenimentului tau.<br \/>\nDimensiune<br \/>\n18x8x24 cm.<\/p>\n<p>Grosime<br \/>\n120g\/mpv.<\/p>\n","protected":false},"excerpt":{"rendered":"<p>Pungile mici de nunt\u0103 roz: mici, adorabile \u0219i perfecte pentru un eveniment cu mult roz!<\/p>\n<p>Acestea pungi roz bombon sunt ideale pentru a oferi invita\u021bilor t\u0103i mici cadouri sau m\u0103rturii la evenimentul t\u0103u special. Confec\u021bionate dintr-un material rezistent (120g\/mp) \u0219i de \u00eenalt\u0103 calitate, aceste pungi se remarc\u0103 prin culoarea lor roz vibrant\u0103, care se adaug\u0103 un plus de veselie \u0219i energie evenimentului t\u0103u.<\/p>\n","protected":false},"featured_media":7296,"comment_status":"open","ping_status":"closed","template":"","meta":[],"product_brand":[],"product_cat":[21],"product_tag":[],"class_list":{"0":"post-7294","1":"product","2":"type-product","3":"status-publish","4":"has-post-thumbnail","6":"product_cat-pungi-de-nunta","8":"first","9":"instock","10":"shipping-taxable","11":"purchasable","12":"product-type-simple"},"_links":{"self":[{"href":"https:\/\/cocpack.ro\/index.php\/wp-json\/wp\/v2\/product\/7294","targetHints":{"allow":["GET"]}}],"collection":[{"href":"https:\/\/cocpack.ro\/index.php\/wp-json\/wp\/v2\/product"}],"about":[{"href":"https:\/\/cocpack.ro\/index.php\/wp-json\/wp\/v2\/types\/product"}],"replies":[{"embeddable":true,"href":"https:\/\/cocpack.ro\/index.php\/wp-json\/wp\/v2\/comments?post=7294"}],"wp:featuredmedia":[{"embeddable":true,"href":"https:\/\/cocpack.ro\/index.php\/wp-json\/wp\/v2\/media\/7296"}],"wp:attachment":[{"href":"https:\/\/cocpack.ro\/index.php\/wp-json\/wp\/v2\/media?parent=7294"}],"wp:term":[{"taxonomy":"product_brand","embeddable":true,"href":"https:\/\/cocpack.ro\/index.php\/wp-json\/wp\/v2\/product_brand?post=7294"},{"taxonomy":"product_cat","embeddable":true,"href":"https:\/\/cocpack.ro\/index.php\/wp-json\/wp\/v2\/product_cat?post=7294"},{"taxonomy":"product_tag","embeddable":true,"href":"https:\/\/cocpack.ro\/index.php\/wp-json\/wp\/v2\/product_tag?post=7294"}],"curies":[{"name":"wp","href":"https:\/\/api.w.org\/{rel}","templated":true}]}}