{"id":7297,"date":"2025-06-01T12:40:04","date_gmt":"2025-06-01T09:40:04","guid":{"rendered":"https:\/\/cocpack.ro\/?post_type=product&#038;p=7297"},"modified":"2026-01-04T23:56:14","modified_gmt":"2026-01-04T20:56:14","slug":"pungi-nunta-marimea-s1-albastru","status":"publish","type":"product","link":"https:\/\/cocpack.ro\/index.php\/produs\/pungi-nunta-marimea-s1-albastru\/","title":{"rendered":"Pungi nunta marimea S1 albastru!"},"content":{"rendered":"<p>Designul simplu \u0219i elegant le face potrivite pentru a fi personalizate cu u\u0219urin\u021b\u0103, ad\u0103ug\u00e2nd un element distinctiv evenimentului t\u0103u. Pungile sunt perfecte pentru a fi umplute cu diverse cadouri, cum ar fi dulciuri, mici obiecte decorative, lum\u00e2n\u0103ri parfumate sau alte surprize.<\/p>\n<p>Pungile de nunt\u0103 albastre sunt o modalitate excelent\u0103 de a-\u021bi ar\u0103ta aprecierea fa\u021b\u0103 de invita\u021bii t\u0103i \u0219i de a le oferi o amintire frumoas\u0103 de la evenimentul tau.<br \/>\nDimensiune<br \/>\n18x8x24 cm.<\/p>\n<p>Grosime<br \/>\n120g\/mp.<\/p>\n","protected":false},"excerpt":{"rendered":"<p>Pungile mici de nunt\u0103 albastre sunt perfecte pentru a oferi invita\u021bilor t\u0103i mici cadouri sau m\u0103rturii la evenimentul t\u0103u special.<\/p>\n<p>Confec\u021bionate dintr-un material rezistent(120g\/mp) \u0219i de \u00eenalt\u0103 calitate, aceste pungi se remarc\u0103 prin culoarea lor albastr\u0103 vibrant\u0103, care adaug\u0103 un plus de prospe\u021bime \u0219i vitalitate evenimentului t\u0103u.<\/p>\n","protected":false},"featured_media":7298,"comment_status":"open","ping_status":"closed","template":"","meta":[],"product_brand":[],"product_cat":[21],"product_tag":[],"class_list":{"0":"post-7297","1":"product","2":"type-product","3":"status-publish","4":"has-post-thumbnail","6":"product_cat-pungi-de-nunta","8":"first","9":"instock","10":"shipping-taxable","11":"purchasable","12":"product-type-simple"},"_links":{"self":[{"href":"https:\/\/cocpack.ro\/index.php\/wp-json\/wp\/v2\/product\/7297","targetHints":{"allow":["GET"]}}],"collection":[{"href":"https:\/\/cocpack.ro\/index.php\/wp-json\/wp\/v2\/product"}],"about":[{"href":"https:\/\/cocpack.ro\/index.php\/wp-json\/wp\/v2\/types\/product"}],"replies":[{"embeddable":true,"href":"https:\/\/cocpack.ro\/index.php\/wp-json\/wp\/v2\/comments?post=7297"}],"wp:featuredmedia":[{"embeddable":true,"href":"https:\/\/cocpack.ro\/index.php\/wp-json\/wp\/v2\/media\/7298"}],"wp:attachment":[{"href":"https:\/\/cocpack.ro\/index.php\/wp-json\/wp\/v2\/media?parent=7297"}],"wp:term":[{"taxonomy":"product_brand","embeddable":true,"href":"https:\/\/cocpack.ro\/index.php\/wp-json\/wp\/v2\/product_brand?post=7297"},{"taxonomy":"product_cat","embeddable":true,"href":"https:\/\/cocpack.ro\/index.php\/wp-json\/wp\/v2\/product_cat?post=7297"},{"taxonomy":"product_tag","embeddable":true,"href":"https:\/\/cocpack.ro\/index.php\/wp-json\/wp\/v2\/product_tag?post=7297"}],"curies":[{"name":"wp","href":"https:\/\/api.w.org\/{rel}","templated":true}]}}