{"id":7299,"date":"2025-06-01T12:43:45","date_gmt":"2025-06-01T09:43:45","guid":{"rendered":"https:\/\/cocpack.ro\/?post_type=product&#038;p=7299"},"modified":"2026-01-04T23:55:57","modified_gmt":"2026-01-04T20:55:57","slug":"pungi-nunta-marimea-s1-alb","status":"publish","type":"product","link":"https:\/\/cocpack.ro\/index.php\/produs\/pungi-nunta-marimea-s1-alb\/","title":{"rendered":"Pungi nunta marimea S1 alb!"},"content":{"rendered":"<p>Pungile sunt perfecte pentru a fi umplute cu diverse cadouri, cum ar fi dulciuri, mici obiecte decorative, lum\u00e2n\u0103ri parfumate sau alte surprize. Pungile de nunt\u0103 albe mici sunt o modalitate excelent\u0103 de a-\u021bi ar\u0103ta aprecierea fa\u021b\u0103 de invita\u021bii t\u0103i \u0219i de a le oferi o amintire frumoas\u0103 de la nunta ta.<br \/>\nDimensiune:18x8x24 cm.<\/p>\n<p>Grosime<br \/>\n120g\/mp.<\/p>\n","protected":false},"excerpt":{"rendered":"<p>Pungi de nunt\u0103 albe: Elegan\u021b\u0103 \u0219i rafinament pentru evenimentul t\u0103u special<\/p>\n<p>Pungile de nunt\u0103 albe mici sunt alegerea ideal\u0103 pentru a oferi invita\u021bilor t\u0103i mici cadouri sau m\u0103rturii, ad\u0103ug\u00e2nd un plus de elegan\u021b\u0103 \u0219i rafinament evenimentului t\u0103u special.<\/p>\n","protected":false},"featured_media":7300,"comment_status":"open","ping_status":"closed","template":"","meta":[],"product_brand":[],"product_cat":[21],"product_tag":[],"class_list":{"0":"post-7299","1":"product","2":"type-product","3":"status-publish","4":"has-post-thumbnail","6":"product_cat-pungi-de-nunta","8":"first","9":"instock","10":"shipping-taxable","11":"purchasable","12":"product-type-simple"},"_links":{"self":[{"href":"https:\/\/cocpack.ro\/index.php\/wp-json\/wp\/v2\/product\/7299","targetHints":{"allow":["GET"]}}],"collection":[{"href":"https:\/\/cocpack.ro\/index.php\/wp-json\/wp\/v2\/product"}],"about":[{"href":"https:\/\/cocpack.ro\/index.php\/wp-json\/wp\/v2\/types\/product"}],"replies":[{"embeddable":true,"href":"https:\/\/cocpack.ro\/index.php\/wp-json\/wp\/v2\/comments?post=7299"}],"wp:featuredmedia":[{"embeddable":true,"href":"https:\/\/cocpack.ro\/index.php\/wp-json\/wp\/v2\/media\/7300"}],"wp:attachment":[{"href":"https:\/\/cocpack.ro\/index.php\/wp-json\/wp\/v2\/media?parent=7299"}],"wp:term":[{"taxonomy":"product_brand","embeddable":true,"href":"https:\/\/cocpack.ro\/index.php\/wp-json\/wp\/v2\/product_brand?post=7299"},{"taxonomy":"product_cat","embeddable":true,"href":"https:\/\/cocpack.ro\/index.php\/wp-json\/wp\/v2\/product_cat?post=7299"},{"taxonomy":"product_tag","embeddable":true,"href":"https:\/\/cocpack.ro\/index.php\/wp-json\/wp\/v2\/product_tag?post=7299"}],"curies":[{"name":"wp","href":"https:\/\/api.w.org\/{rel}","templated":true}]}}