{"id":7303,"date":"2025-06-03T16:23:11","date_gmt":"2025-06-03T13:23:11","guid":{"rendered":"https:\/\/cocpack.ro\/?post_type=product&#038;p=7303"},"modified":"2026-02-24T12:48:56","modified_gmt":"2026-02-24T09:48:56","slug":"halat-personalizat-mireasa","status":"publish","type":"product","link":"https:\/\/cocpack.ro\/index.php\/produs\/halat-personalizat-mireasa\/","title":{"rendered":"Halat personalizat mireasa!"},"content":{"rendered":"<p>Acest halat personalizat din satin este creat pentru a ad\u0103uga o not\u0103 de elegan\u021b\u0103 \u0219i rafinament \u00een momentele speciale ale unei mirese. Realizat din satin de cea mai \u00eenalt\u0103 calitate, halatul ofer\u0103 un confort excep\u021bional \u0219i o senza\u021bie de lux, perfect\u0103 pentru preg\u0103tirile de nunt\u0103 sau pentru momentele de relaxare de acas\u0103.<\/p>\n<p>Material: Satin fin, care se simte delicat \u0219i luxos pe piele, ideal pentru momente de r\u0103sf\u0103\u021b \u0219i confort.<br \/>\nPersonalizare: Mesajul \u201eBride\u201d este brodat cu aten\u021bie, ad\u0103ug\u00e2nd o not\u0103 personal\u0103 \u0219i emo\u021bionant\u0103, simboliz\u00e2nd toate etapele \u0219i rolurile frumoase ale vie\u021bii unei femei.<br \/>\nDesign: Halatul este alb pur, decorat cu accente subtile albastre, care aduc o not\u0103 de prospe\u021bime \u0219i delicate\u021be. Inscrip\u021bia \u201eBride\u201d este elegant plasat\u0103, aduc\u00e2nd un omagiu rolului special al miresei \u00een ziua nun\u021bii.<br \/>\nM\u0103rime: Universal\u0103, cu cordon ajustabil, pentru a se potrivi confortabil oric\u0103rei siluete.<\/p>\n","protected":false},"excerpt":{"rendered":"<p>Acest halat personalizat este un must-have pentru orice mireas\u0103, oferind confort, elegan\u021b\u0103 \u0219i un suvenir pre\u021bios din ziua nun\u021bii \u0219i din toate momentele speciale ce urmeaz\u0103.<\/p>\n","protected":false},"featured_media":7304,"comment_status":"open","ping_status":"closed","template":"","meta":[],"product_brand":[],"product_cat":[120],"product_tag":[],"class_list":{"0":"post-7303","1":"product","2":"type-product","3":"status-publish","4":"has-post-thumbnail","6":"product_cat-halate-mirese","8":"first","9":"instock","10":"shipping-taxable","11":"purchasable","12":"product-type-simple"},"_links":{"self":[{"href":"https:\/\/cocpack.ro\/index.php\/wp-json\/wp\/v2\/product\/7303","targetHints":{"allow":["GET"]}}],"collection":[{"href":"https:\/\/cocpack.ro\/index.php\/wp-json\/wp\/v2\/product"}],"about":[{"href":"https:\/\/cocpack.ro\/index.php\/wp-json\/wp\/v2\/types\/product"}],"replies":[{"embeddable":true,"href":"https:\/\/cocpack.ro\/index.php\/wp-json\/wp\/v2\/comments?post=7303"}],"wp:featuredmedia":[{"embeddable":true,"href":"https:\/\/cocpack.ro\/index.php\/wp-json\/wp\/v2\/media\/7304"}],"wp:attachment":[{"href":"https:\/\/cocpack.ro\/index.php\/wp-json\/wp\/v2\/media?parent=7303"}],"wp:term":[{"taxonomy":"product_brand","embeddable":true,"href":"https:\/\/cocpack.ro\/index.php\/wp-json\/wp\/v2\/product_brand?post=7303"},{"taxonomy":"product_cat","embeddable":true,"href":"https:\/\/cocpack.ro\/index.php\/wp-json\/wp\/v2\/product_cat?post=7303"},{"taxonomy":"product_tag","embeddable":true,"href":"https:\/\/cocpack.ro\/index.php\/wp-json\/wp\/v2\/product_tag?post=7303"}],"curies":[{"name":"wp","href":"https:\/\/api.w.org\/{rel}","templated":true}]}}