{"id":7650,"date":"2025-10-02T16:43:38","date_gmt":"2025-10-02T13:43:38","guid":{"rendered":"https:\/\/cocpack.ro\/?post_type=product&#038;p=7650"},"modified":"2025-11-11T19:36:43","modified_gmt":"2025-11-11T16:36:43","slug":"umeras-pentru-rochia-de-mireasa-cu-perluteumeras-decorativ-cu-perle-pentru-rochia-de-mireasa-momentul-in-care-rochia-de-mireasa-este-admirata-inainte-de-a-fi-imbracata-este-la-fel-de-magic-ca-si-z","status":"publish","type":"product","link":"https:\/\/cocpack.ro\/index.php\/produs\/umeras-pentru-rochia-de-mireasa-cu-perluteumeras-decorativ-cu-perle-pentru-rochia-de-mireasa-momentul-in-care-rochia-de-mireasa-este-admirata-inainte-de-a-fi-imbracata-este-la-fel-de-magic-ca-si-z\/","title":{"rendered":"Umeras pentru rochia de mireasa cu perlute!"},"content":{"rendered":"<p><strong>De ce s\u0103 alegi umera\u0219ul cu perle?<\/strong><\/p>\n<ul>\n<li><strong>Design de poveste:<\/strong>\u00a0Fiecare umera\u0219 este unicat, decorat manual cu perle albe str\u0103lucitoare, care se \u00eembin\u0103 armonios cu detaliile delicate ale oric\u0103rei rochii de mireas\u0103. Designul s\u0103u sofisticat adaug\u0103 o not\u0103 de lux \u0219i romantism, perfect\u0103 pentru a captura frumuse\u021bea rochiei tale \u00een fotografii.<\/li>\n<li><strong>Ideal pentru fotografii:<\/strong>\u00a0Preg\u0103tirile dinaintea ceremoniei sunt pline de emo\u021bie, iar acest umera\u0219 este un element esen\u021bial pentru a crea cadre memorabile. Acesta devine un accesoriu elegant ce completeaz\u0103 perfect imaginea de ansamblu a \u021binutei de mireas\u0103, oferind un fundal de vis pentru fotografii.<\/li>\n<\/ul>\n","protected":false},"excerpt":{"rendered":"<p>Momentul \u00een care rochia de mireas\u0103 este admirat\u0103 \u00eenainte de a fi \u00eembr\u0103cat\u0103 este la fel de magic ca \u0219i ziua nun\u021bii. Un umera\u0219 special, conceput pentru aceast\u0103 ocazie unic\u0103, adaug\u0103 o not\u0103 de elegan\u021b\u0103 \u0219i rafinament, transform\u00e2nd o simpl\u0103 fotografie \u00eentr-o amintire pre\u021bioas\u0103. Umera\u0219ul nostru cu perle este accesoriul ideal pentru a-\u021bi pune \u00een valoare rochia de vis.<\/p>\n","protected":false},"featured_media":7651,"comment_status":"open","ping_status":"closed","template":"","meta":[],"product_brand":[],"product_cat":[118],"product_tag":[],"class_list":{"0":"post-7650","1":"product","2":"type-product","3":"status-publish","4":"has-post-thumbnail","6":"product_cat-umerase","8":"first","9":"instock","10":"shipping-taxable","11":"purchasable","12":"product-type-simple"},"_links":{"self":[{"href":"https:\/\/cocpack.ro\/index.php\/wp-json\/wp\/v2\/product\/7650","targetHints":{"allow":["GET"]}}],"collection":[{"href":"https:\/\/cocpack.ro\/index.php\/wp-json\/wp\/v2\/product"}],"about":[{"href":"https:\/\/cocpack.ro\/index.php\/wp-json\/wp\/v2\/types\/product"}],"replies":[{"embeddable":true,"href":"https:\/\/cocpack.ro\/index.php\/wp-json\/wp\/v2\/comments?post=7650"}],"wp:featuredmedia":[{"embeddable":true,"href":"https:\/\/cocpack.ro\/index.php\/wp-json\/wp\/v2\/media\/7651"}],"wp:attachment":[{"href":"https:\/\/cocpack.ro\/index.php\/wp-json\/wp\/v2\/media?parent=7650"}],"wp:term":[{"taxonomy":"product_brand","embeddable":true,"href":"https:\/\/cocpack.ro\/index.php\/wp-json\/wp\/v2\/product_brand?post=7650"},{"taxonomy":"product_cat","embeddable":true,"href":"https:\/\/cocpack.ro\/index.php\/wp-json\/wp\/v2\/product_cat?post=7650"},{"taxonomy":"product_tag","embeddable":true,"href":"https:\/\/cocpack.ro\/index.php\/wp-json\/wp\/v2\/product_tag?post=7650"}],"curies":[{"name":"wp","href":"https:\/\/api.w.org\/{rel}","templated":true}]}}