{"id":7806,"date":"2025-12-30T11:28:26","date_gmt":"2025-12-30T08:28:26","guid":{"rendered":"https:\/\/cocpack.ro\/?post_type=product&#038;p=7806"},"modified":"2025-12-30T11:28:26","modified_gmt":"2025-12-30T08:28:26","slug":"set-marturii-210-punga-sticla-ploscuta200-mlcapaceticheta-personalizata","status":"publish","type":"product","link":"https:\/\/cocpack.ro\/index.php\/produs\/set-marturii-210-punga-sticla-ploscuta200-mlcapaceticheta-personalizata\/","title":{"rendered":"Set Marturii 210: punga+ sticla Ploscuta(200 ml)+capac+eticheta personalizata!"},"content":{"rendered":"<ul data-path-to-node=\"7\">\n<li>\n<p data-path-to-node=\"7,0,0\"><strong>Pungi de H\u00e2rtie Nunt\u0103 (Design M1-M307 \u2013 Miri Stiliza\u021bi):<\/strong>\u00a0Pungile din h\u00e2rtie vin cu designul\u00a0<strong>M307<\/strong>, un model vesel \u0219i modern de\u00a0<strong>miri stiliza\u021bi<\/strong>. Aceste\u00a0<strong>pungi de hartie marturii M307<\/strong>\u00a0sunt un ambalaj perfect care adaug\u0103 un z\u00e2mbet oric\u0103rui invitat \u0219i se aliniaz\u0103 perfect cu tematicile de nunt\u0103 contemporane.<\/p>\n<\/li>\n<li>\n<p data-path-to-node=\"7,1,0\"><strong>Sticle Ploscu\u021b\u0103 (Volum Generos de 200 ml):<\/strong>\u00a0Sticlu\u021bele de form\u0103\u00a0<strong>ploscu\u021b\u0103<\/strong>\u00a0cu un volum de\u00a0<strong>200 ml<\/strong>\u00a0reprezint\u0103 o m\u0103rturie substantial\u0103. Acest volum mai mare de 200 ml este ideal pentru a oferi o por\u021bie consistent\u0103 de\u00a0<strong>\u021buic\u0103, lichior<\/strong>\u00a0sau\u00a0<strong>vi\u0219inat\u0103<\/strong>, transmi\u021b\u00e2nd mul\u021bumiri sincere.<\/p>\n<\/li>\n<li>\n<p data-path-to-node=\"7,2,0\"><strong>Capace Filet de Lux (26\/12 \u2013 Culoare Gold):<\/strong>\u00a0Sigilarea se face cu capace filet premium, de dimensiunea 26\/12, finisate \u00een nuan\u021ba elegant\u0103\u00a0<strong>Gold (Auriu)<\/strong>. Acestea adaug\u0103 un element de lux \u0219i asigur\u0103 transportul \u00een siguran\u021b\u0103 al con\u021binutului.<\/p>\n<\/li>\n<li>\n<p data-path-to-node=\"7,3,0\"><strong>Etichete Personalizate (Model 5S):<\/strong>\u00a0Etichetele\u00a0<strong>Model 5S<\/strong>\u00a0completeaz\u0103 setul, oferind spa\u021biu pentru\u00a0<strong>numele mirilor<\/strong>\u00a0\u0219i\u00a0<strong>data nun\u021bii<\/strong>. Personalizarea este rapid\u0103 \u0219i simpl\u0103.<\/p>\n<\/li>\n<\/ul>\n","protected":false},"excerpt":{"rendered":"<h2>Set M\u0103rturii Nunt\u0103 Modern &amp; Generos: Pungi H\u00e2rtie Miri Stiliza\u021bi (M307), Sticle 200ml cu Capace GoldAchizi\u021bie Inteligent\u0103: Set Complet la Pre\u021b Mai Mic (Economie Garantat\u0103!)<\/h2>\n","protected":false},"featured_media":7807,"comment_status":"open","ping_status":"closed","template":"","meta":[],"product_brand":[],"product_cat":[27],"product_tag":[],"class_list":{"0":"post-7806","1":"product","2":"type-product","3":"status-publish","4":"has-post-thumbnail","6":"product_cat-produse-la-set","8":"first","9":"instock","10":"shipping-taxable","11":"purchasable","12":"product-type-simple"},"_links":{"self":[{"href":"https:\/\/cocpack.ro\/index.php\/wp-json\/wp\/v2\/product\/7806","targetHints":{"allow":["GET"]}}],"collection":[{"href":"https:\/\/cocpack.ro\/index.php\/wp-json\/wp\/v2\/product"}],"about":[{"href":"https:\/\/cocpack.ro\/index.php\/wp-json\/wp\/v2\/types\/product"}],"replies":[{"embeddable":true,"href":"https:\/\/cocpack.ro\/index.php\/wp-json\/wp\/v2\/comments?post=7806"}],"wp:featuredmedia":[{"embeddable":true,"href":"https:\/\/cocpack.ro\/index.php\/wp-json\/wp\/v2\/media\/7807"}],"wp:attachment":[{"href":"https:\/\/cocpack.ro\/index.php\/wp-json\/wp\/v2\/media?parent=7806"}],"wp:term":[{"taxonomy":"product_brand","embeddable":true,"href":"https:\/\/cocpack.ro\/index.php\/wp-json\/wp\/v2\/product_brand?post=7806"},{"taxonomy":"product_cat","embeddable":true,"href":"https:\/\/cocpack.ro\/index.php\/wp-json\/wp\/v2\/product_cat?post=7806"},{"taxonomy":"product_tag","embeddable":true,"href":"https:\/\/cocpack.ro\/index.php\/wp-json\/wp\/v2\/product_tag?post=7806"}],"curies":[{"name":"wp","href":"https:\/\/api.w.org\/{rel}","templated":true}]}}