{"id":7949,"date":"2026-01-14T21:00:45","date_gmt":"2026-01-14T18:00:45","guid":{"rendered":"https:\/\/cocpack.ro\/?post_type=product&#038;p=7949"},"modified":"2026-01-27T19:38:29","modified_gmt":"2026-01-27T16:38:29","slug":"buchet-de-mireasa-cu-flori-de-primavara-si-flori-uscate-multicolor-2","status":"publish","type":"product","link":"https:\/\/cocpack.ro\/index.php\/produs\/buchet-de-mireasa-cu-flori-de-primavara-si-flori-uscate-multicolor-2\/","title":{"rendered":"Buchet de Mireas\u0103 cu Flori De Primavara si Flori Uscate Multicolor!"},"content":{"rendered":"<p>Ad\u0103uga\u021bi un strop de magie \u0219i culoare \u00een ziua nun\u021bii voastre cu acest buchet extraordinar, creat din flori de primavara si plante uscate multicolore. Cu o combina\u021bie vibrant\u0103 de culori acest buchet este alegerea perfect\u0103 pentru miresele \u0219i na\u0219ele care doresc s\u0103 \u00ee\u0219i exprime personalitatea unic\u0103 printr-un accesoriu elegant \u0219i deosebit. Plantele uscate isi\u00a0 p\u0103streaz\u0103 frumuse\u021bea natural\u0103\u00a0 pentru o perioad\u0103 \u00eendelungat\u0103, fiind un simbol al dragostei \u0219i al leg\u0103turii durabile.<\/p>\n","protected":false},"excerpt":{"rendered":"<p>Alege\u021bi acest buchet unic pentru a aduce un plus de farmec \u0219i stil \u00een ziua cea mare, transform\u00e2ndu-v\u0103 nunta \u00eentr-un eveniment cu adev\u0103rat memorabil.<\/p>\n","protected":false},"featured_media":7950,"comment_status":"open","ping_status":"closed","template":"","meta":[],"product_brand":[],"product_cat":[300],"product_tag":[],"class_list":{"0":"post-7949","1":"product","2":"type-product","3":"status-publish","4":"has-post-thumbnail","6":"product_cat-buchete-mireasa-nase","8":"first","9":"instock","10":"shipping-taxable","11":"purchasable","12":"product-type-simple"},"_links":{"self":[{"href":"https:\/\/cocpack.ro\/index.php\/wp-json\/wp\/v2\/product\/7949","targetHints":{"allow":["GET"]}}],"collection":[{"href":"https:\/\/cocpack.ro\/index.php\/wp-json\/wp\/v2\/product"}],"about":[{"href":"https:\/\/cocpack.ro\/index.php\/wp-json\/wp\/v2\/types\/product"}],"replies":[{"embeddable":true,"href":"https:\/\/cocpack.ro\/index.php\/wp-json\/wp\/v2\/comments?post=7949"}],"wp:featuredmedia":[{"embeddable":true,"href":"https:\/\/cocpack.ro\/index.php\/wp-json\/wp\/v2\/media\/7950"}],"wp:attachment":[{"href":"https:\/\/cocpack.ro\/index.php\/wp-json\/wp\/v2\/media?parent=7949"}],"wp:term":[{"taxonomy":"product_brand","embeddable":true,"href":"https:\/\/cocpack.ro\/index.php\/wp-json\/wp\/v2\/product_brand?post=7949"},{"taxonomy":"product_cat","embeddable":true,"href":"https:\/\/cocpack.ro\/index.php\/wp-json\/wp\/v2\/product_cat?post=7949"},{"taxonomy":"product_tag","embeddable":true,"href":"https:\/\/cocpack.ro\/index.php\/wp-json\/wp\/v2\/product_tag?post=7949"}],"curies":[{"name":"wp","href":"https:\/\/api.w.org\/{rel}","templated":true}]}}