{"id":8015,"date":"2026-02-03T12:58:47","date_gmt":"2026-02-03T09:58:47","guid":{"rendered":"https:\/\/cocpack.ro\/?post_type=product&#038;p=8015"},"modified":"2026-02-25T14:05:09","modified_gmt":"2026-02-25T11:05:09","slug":"sticle-500-ml-exclusive","status":"publish","type":"product","link":"https:\/\/cocpack.ro\/index.php\/produs\/sticle-500-ml-exclusive\/","title":{"rendered":"Sticle 500 ml Exclusive!"},"content":{"rendered":"<p>Designul s\u0103u cu nervuri verticale pe un corp p\u0103trat adaug\u0103 o textur\u0103 vizual\u0103 deosebit\u0103\u00a0<strong>atr\u0103g\u00e2nd privirea<\/strong>\u00a0\u0219i suger\u00e2nd calitatea premium a con\u021binutului. Cu o capacitate de\u00a0<strong>500 ml<\/strong>\u00a0sticla este ideal\u0103 pentru ambalarea b\u0103uturilor spirtoase fine a lichiorurilor artizanale sau a uleiurilor de colec\u021bie. Forma p\u0103trat\u0103 asigur\u0103 o\u00a0<strong>stabilitate excelent\u0103<\/strong>\u00a0la a\u0219ezarea pe rafturi \u0219i permite o manipulare confortabil\u0103. Fiind dotat\u0103 cu g\u00e2t cu filet permite o\u00a0<strong>\u00eenchidere rapid\u0103 sigur\u0103 \u0219i ermetic\u0103<\/strong>\u00a0(necesit\u0103 capac compatibil protej\u00e2nd aromele \u0219i prospe\u021bimea.<\/p>\n","protected":false},"excerpt":{"rendered":"<p><strong>Sticla Exclusive de 500 ml cu filet<\/strong> de la CocPack este alegerea ideal\u0103 pentru produsele care merit\u0103 s\u0103 ias\u0103 \u00een eviden\u021b\u0103! Designul s\u0103u unic caracterizat prin <strong>nervuri verticale<\/strong>\u00a0pe un corp p\u0103trat confer\u0103 un plus de textur\u0103 \u0219i rafinament fiind perfect\u0103 pentru branduri care vizeaz\u0103 o imagine de lux sau tradi\u021bional\u0103.<\/p>\n<p>V\u0103 rug\u0103m s\u0103 nu uita\u021bi s\u0103 ad\u0103uga\u021bi dopuri \u0219i eticheta personalizat\u0103 separat dup\u0103 ce a\u021bi ad\u0103ugat sticlele \u00een co\u0219.<\/p>\n<ul>\n<li>Pentru a selecta dopurile apasati\u00a0<strong><a href=\"https:\/\/cocpack.ro\/index.php\/categorie-produs\/sticle-de-marturii\/accesorii-sticle\/dopuri-pentru-sticle\/\">aici.<\/a><\/strong><\/li>\n<li>Pentru a selecta etichetele apasati\u00a0<strong><a href=\"https:\/\/cocpack.ro\/index.php\/categorie-produs\/sticle-de-marturii\/accesorii-sticle\/etichete-pentru-sticle\/\">aici<\/a>.<\/strong><\/li>\n<\/ul>\n","protected":false},"featured_media":14080,"comment_status":"open","ping_status":"closed","template":"","meta":[],"product_brand":[],"product_cat":[95],"product_tag":[],"class_list":{"0":"post-8015","1":"product","2":"type-product","3":"status-publish","4":"has-post-thumbnail","6":"product_cat-sticle-500-ml","8":"first","9":"instock","10":"shipping-taxable","11":"purchasable","12":"product-type-simple"},"_links":{"self":[{"href":"https:\/\/cocpack.ro\/index.php\/wp-json\/wp\/v2\/product\/8015","targetHints":{"allow":["GET"]}}],"collection":[{"href":"https:\/\/cocpack.ro\/index.php\/wp-json\/wp\/v2\/product"}],"about":[{"href":"https:\/\/cocpack.ro\/index.php\/wp-json\/wp\/v2\/types\/product"}],"replies":[{"embeddable":true,"href":"https:\/\/cocpack.ro\/index.php\/wp-json\/wp\/v2\/comments?post=8015"}],"wp:featuredmedia":[{"embeddable":true,"href":"https:\/\/cocpack.ro\/index.php\/wp-json\/wp\/v2\/media\/14080"}],"wp:attachment":[{"href":"https:\/\/cocpack.ro\/index.php\/wp-json\/wp\/v2\/media?parent=8015"}],"wp:term":[{"taxonomy":"product_brand","embeddable":true,"href":"https:\/\/cocpack.ro\/index.php\/wp-json\/wp\/v2\/product_brand?post=8015"},{"taxonomy":"product_cat","embeddable":true,"href":"https:\/\/cocpack.ro\/index.php\/wp-json\/wp\/v2\/product_cat?post=8015"},{"taxonomy":"product_tag","embeddable":true,"href":"https:\/\/cocpack.ro\/index.php\/wp-json\/wp\/v2\/product_tag?post=8015"}],"curies":[{"name":"wp","href":"https:\/\/api.w.org\/{rel}","templated":true}]}}